{"id":3539,"date":"2024-02-09T06:26:17","date_gmt":"2024-02-09T06:26:17","guid":{"rendered":"http:\/\/boats4u.portal.loc:8888\/frequently-asked-questions\/"},"modified":"2024-10-10T05:34:23","modified_gmt":"2024-10-10T05:34:23","slug":"frequently-asked-questions","status":"publish","type":"page","link":"https:\/\/www.boats4u.co\/en\/frequently-asked-questions\/","title":{"rendered":"Frequently asked questions"},"content":{"rendered":"","protected":false},"excerpt":{"rendered":"","protected":false},"author":1,"featured_media":0,"parent":0,"menu_order":0,"comment_status":"closed","ping_status":"closed","template":"","meta":{"_acf_changed":false,"_joinchat":[],"footnotes":""},"tags":[],"class_list":["post-3539","page","type-page","status-publish","hentry"],"acf":[],"yoast_head":"<!-- This site is optimized with the Yoast SEO plugin v24.2 - https:\/\/yoast.com\/wordpress\/plugins\/seo\/ -->\n<title>Frequently asked questions - Boats4U<\/title>\n<meta name=\"robots\" content=\"noindex, follow\" \/>\n<meta property=\"og:locale\" content=\"en_US\" \/>\n<meta property=\"og:type\" content=\"article\" \/>\n<meta property=\"og:title\" content=\"Frequently asked questions - Boats4U\" \/>\n<meta property=\"og:url\" content=\"https:\/\/www.boats4u.co\/en\/frequently-asked-questions\/\" \/>\n<meta property=\"og:site_name\" content=\"Boats4U\" \/>\n<meta property=\"article:publisher\" content=\"https:\/\/www.facebook.com\/Boats4U\" \/>\n<meta property=\"article:modified_time\" content=\"2024-10-10T05:34:23+00:00\" \/>\n<meta name=\"twitter:card\" content=\"summary_large_image\" \/>\n<script type=\"application\/ld+json\" class=\"yoast-schema-graph\">{\"@context\":\"https:\/\/schema.org\",\"@graph\":[{\"@type\":\"WebPage\",\"@id\":\"https:\/\/www.boats4u.co\/en\/frequently-asked-questions\/\",\"url\":\"https:\/\/www.boats4u.co\/en\/frequently-asked-questions\/\",\"name\":\"Frequently asked questions - Boats4U\",\"isPartOf\":{\"@id\":\"https:\/\/www.boats4u.co\/en\/#website\"},\"datePublished\":\"2024-02-09T06:26:17+00:00\",\"dateModified\":\"2024-10-10T05:34:23+00:00\",\"breadcrumb\":{\"@id\":\"https:\/\/www.boats4u.co\/en\/frequently-asked-questions\/#breadcrumb\"},\"inLanguage\":\"en-US\",\"potentialAction\":[{\"@type\":\"ReadAction\",\"target\":[\"https:\/\/www.boats4u.co\/en\/frequently-asked-questions\/\"]}]},{\"@type\":\"BreadcrumbList\",\"@id\":\"https:\/\/www.boats4u.co\/en\/frequently-asked-questions\/#breadcrumb\",\"itemListElement\":[{\"@type\":\"ListItem\",\"position\":1,\"name\":\"Home\",\"item\":\"https:\/\/www.boats4u.co\/en\/\"},{\"@type\":\"ListItem\",\"position\":2,\"name\":\"Frequently asked questions\"}]},{\"@type\":\"WebSite\",\"@id\":\"https:\/\/www.boats4u.co\/en\/#website\",\"url\":\"https:\/\/www.boats4u.co\/en\/\",\"name\":\"Boats4U\",\"description\":\"Alquiler de yates, botes y lanchas en Cartagena, Santa Marta y San Andr\u00e9s. Te ofrecemos los mejores planes y paseos brind\u00e1ndote la oportunidad de vivir experiencias \u00fanicas en playas, Islas del Rosario, Isla Grande, Isla Chol\u00f3n, Playa Blanca y alta mar, con el alquiler de yates, botes. Junto a tus amigos y familia podr\u00e1s disfrutar de toda la la belleza y la magia del caribe. Encuentra qu\u00e9 hacer con Boats4U.\",\"publisher\":{\"@id\":\"https:\/\/www.boats4u.co\/en\/#organization\"},\"potentialAction\":[{\"@type\":\"SearchAction\",\"target\":{\"@type\":\"EntryPoint\",\"urlTemplate\":\"https:\/\/www.boats4u.co\/en\/?s={search_term_string}\"},\"query-input\":{\"@type\":\"PropertyValueSpecification\",\"valueRequired\":true,\"valueName\":\"search_term_string\"}}],\"inLanguage\":\"en-US\"},{\"@type\":\"Organization\",\"@id\":\"https:\/\/www.boats4u.co\/en\/#organization\",\"name\":\"Boats4U\",\"url\":\"https:\/\/www.boats4u.co\/en\/\",\"logo\":{\"@type\":\"ImageObject\",\"inLanguage\":\"en-US\",\"@id\":\"https:\/\/www.boats4u.co\/en\/#\/schema\/logo\/image\/\",\"url\":\"https:\/\/www.boats4u.co\/wp-content\/uploads\/2024\/02\/boats4u_logo.png\",\"contentUrl\":\"https:\/\/www.boats4u.co\/wp-content\/uploads\/2024\/02\/boats4u_logo.png\",\"width\":790,\"height\":790,\"caption\":\"Boats4U\"},\"image\":{\"@id\":\"https:\/\/www.boats4u.co\/en\/#\/schema\/logo\/image\/\"},\"sameAs\":[\"https:\/\/www.facebook.com\/Boats4U\",\"https:\/\/www.instagram.com\/boats4u.co\/?hl=es\",\"https:\/\/www.tiktok.com\/@boats4u\"]}]}<\/script>\n<!-- \/ Yoast SEO plugin. -->","yoast_head_json":{"title":"Frequently asked questions - Boats4U","robots":{"index":"noindex","follow":"follow"},"og_locale":"en_US","og_type":"article","og_title":"Frequently asked questions - Boats4U","og_url":"https:\/\/www.boats4u.co\/en\/frequently-asked-questions\/","og_site_name":"Boats4U","article_publisher":"https:\/\/www.facebook.com\/Boats4U","article_modified_time":"2024-10-10T05:34:23+00:00","twitter_card":"summary_large_image","schema":{"@context":"https:\/\/schema.org","@graph":[{"@type":"WebPage","@id":"https:\/\/www.boats4u.co\/en\/frequently-asked-questions\/","url":"https:\/\/www.boats4u.co\/en\/frequently-asked-questions\/","name":"Frequently asked questions - Boats4U","isPartOf":{"@id":"https:\/\/www.boats4u.co\/en\/#website"},"datePublished":"2024-02-09T06:26:17+00:00","dateModified":"2024-10-10T05:34:23+00:00","breadcrumb":{"@id":"https:\/\/www.boats4u.co\/en\/frequently-asked-questions\/#breadcrumb"},"inLanguage":"en-US","potentialAction":[{"@type":"ReadAction","target":["https:\/\/www.boats4u.co\/en\/frequently-asked-questions\/"]}]},{"@type":"BreadcrumbList","@id":"https:\/\/www.boats4u.co\/en\/frequently-asked-questions\/#breadcrumb","itemListElement":[{"@type":"ListItem","position":1,"name":"Home","item":"https:\/\/www.boats4u.co\/en\/"},{"@type":"ListItem","position":2,"name":"Frequently asked questions"}]},{"@type":"WebSite","@id":"https:\/\/www.boats4u.co\/en\/#website","url":"https:\/\/www.boats4u.co\/en\/","name":"Boats4U","description":"Alquiler de yates, botes y lanchas en Cartagena, Santa Marta y San Andr\u00e9s. Te ofrecemos los mejores planes y paseos brind\u00e1ndote la oportunidad de vivir experiencias \u00fanicas en playas, Islas del Rosario, Isla Grande, Isla Chol\u00f3n, Playa Blanca y alta mar, con el alquiler de yates, botes. Junto a tus amigos y familia podr\u00e1s disfrutar de toda la la belleza y la magia del caribe. Encuentra qu\u00e9 hacer con Boats4U.","publisher":{"@id":"https:\/\/www.boats4u.co\/en\/#organization"},"potentialAction":[{"@type":"SearchAction","target":{"@type":"EntryPoint","urlTemplate":"https:\/\/www.boats4u.co\/en\/?s={search_term_string}"},"query-input":{"@type":"PropertyValueSpecification","valueRequired":true,"valueName":"search_term_string"}}],"inLanguage":"en-US"},{"@type":"Organization","@id":"https:\/\/www.boats4u.co\/en\/#organization","name":"Boats4U","url":"https:\/\/www.boats4u.co\/en\/","logo":{"@type":"ImageObject","inLanguage":"en-US","@id":"https:\/\/www.boats4u.co\/en\/#\/schema\/logo\/image\/","url":"https:\/\/www.boats4u.co\/wp-content\/uploads\/2024\/02\/boats4u_logo.png","contentUrl":"https:\/\/www.boats4u.co\/wp-content\/uploads\/2024\/02\/boats4u_logo.png","width":790,"height":790,"caption":"Boats4U"},"image":{"@id":"https:\/\/www.boats4u.co\/en\/#\/schema\/logo\/image\/"},"sameAs":["https:\/\/www.facebook.com\/Boats4U","https:\/\/www.instagram.com\/boats4u.co\/?hl=es","https:\/\/www.tiktok.com\/@boats4u"]}]}},"_links":{"self":[{"href":"https:\/\/www.boats4u.co\/en\/wp-json\/wp\/v2\/pages\/3539","targetHints":{"allow":["GET"]}}],"collection":[{"href":"https:\/\/www.boats4u.co\/en\/wp-json\/wp\/v2\/pages"}],"about":[{"href":"https:\/\/www.boats4u.co\/en\/wp-json\/wp\/v2\/types\/page"}],"author":[{"embeddable":true,"href":"https:\/\/www.boats4u.co\/en\/wp-json\/wp\/v2\/users\/1"}],"replies":[{"embeddable":true,"href":"https:\/\/www.boats4u.co\/en\/wp-json\/wp\/v2\/comments?post=3539"}],"version-history":[{"count":1,"href":"https:\/\/www.boats4u.co\/en\/wp-json\/wp\/v2\/pages\/3539\/revisions"}],"predecessor-version":[{"id":5625,"href":"https:\/\/www.boats4u.co\/en\/wp-json\/wp\/v2\/pages\/3539\/revisions\/5625"}],"wp:attachment":[{"href":"https:\/\/www.boats4u.co\/en\/wp-json\/wp\/v2\/media?parent=3539"}],"wp:term":[{"taxonomy":"post_tag","embeddable":true,"href":"https:\/\/www.boats4u.co\/en\/wp-json\/wp\/v2\/tags?post=3539"}],"curies":[{"name":"wp","href":"https:\/\/api.w.org\/{rel}","templated":true}]}}