{"id":6273,"date":"2024-11-18T01:31:32","date_gmt":"2024-11-18T01:31:32","guid":{"rendered":"http:\/\/boats4u.portal.loc\/cartagena\/boat-and-yacht-rentals-in-cartagena\/"},"modified":"2024-12-28T05:09:51","modified_gmt":"2024-12-28T05:09:51","slug":"boat-and-yacht-rentals-in-cartagena","status":"publish","type":"page","link":"https:\/\/www.boats4u.co\/en\/cartagena\/boat-and-yacht-rentals-in-cartagena\/","title":{"rendered":"Your best choice of boat and yacht rentals in Cartagena"},"content":{"rendered":"<section\n  class=\" \"\n  id=\"\"\n  style=\"padding: 0;margin: 0;background-color: var(--primary);border: none\"\n>\n  <!-- <details> \/ <div> - start -->\n  <div class=\"\" style=\"\">   \n  <!-- title -->\n  \n    \n    <div class=\"main-content-class \">  <div class=\"block_header_title centered w-bcg-image\" style=\"background-image: url(https:\/\/www.boats4u.co\/wp-content\/uploads\/2024\/12\/header_cartagena.webp)\">\n          <nav class=\"vs_breadcrumb\"><a href=\"https:\/\/www.boats4u.co\/en\/\">Home<\/a><\/nav>                <div class=\"title_container  title-theme : Defecto\" style=\"\">\n    <h1 class=\"bold font-size-lg white_color \" style=\"\"\">Your best choice of boat and yacht rentals in Cartagena<\/h1>          <\/div>\n            <div class=\"overlay\"><\/div>\n  <\/div>  \n    <\/div> <!-- main-content-class -->\n  <!-- <\/details> \/ <\/div> - ends -->\n  <\/div><\/section>\n<section\n  class=\"vsblock_content_link \"\n  id=\"\"\n  style=\"padding: 6rem 8rem;margin: 0;background-color: var(--light_blue_300);border: none\"\n>\n  <!-- <details> \/ <div> - start -->\n  <div class=\"\" style=\"\">   \n  <!-- title -->\n      <div class=\"flex flex-col  \">\n                      <!-- END title -->\n        \n\n        \n    <\/div>\n  \n    \n    <div class=\"main-content-class font-light\">  <div class=\"layout \">\n    <div style=\"font-size:1.7rem;color:var(--gray_800);\">\n      <p style=\"text-align: center;\">Live the magic of the Caribbean Sea with our unique experiences. Relax in the <strong>Rosario Islands<\/strong> or let yourself be carried away by the fun in <strong>Playa Blanca, Baru and Cholon.<\/strong> The perfect plan awaits you!<\/p>\n<p style=\"text-align: center;\"><strong>How does it work?<\/strong>  It&#8217;s quick and easy: select the tour that inspires you the most, choose the boat you prefer and get ready to live a unique experience. With Boats4U, every adventure at sea will be unforgettable.<\/p>\n    <\/div>\n      <\/div>\n    <\/div> <!-- main-content-class -->\n  <!-- <\/details> \/ <\/div> - ends -->\n  <\/div><\/section>\n<section\n  class=\"vsblock_slider_cards_planes \"\n  id=\"\"\n  style=\"padding: 3rem 6rem;margin: 0;background-color: white;border: none\"\n>\n  <!-- <details> \/ <div> - start -->\n  <div class=\"\" style=\"\">   \n  <!-- title -->\n      <div class=\"flex flex-col  \">\n                <div class=\"title_container  mb-3  title-theme : Defecto\" style=\"\">\n    <h2 class=\" light font-size-md primary_color \" style=\"\"\">Choose your ideal plan to <b>rent a boat or yacht in Cartagena<\/b><\/h2>          <\/div>\n        <!-- END title -->\n        \n\n        \n    <\/div>\n  \n    \n    <div class=\"main-content-class \">  <div class=\"grid_cards_plans\" role=\"group\" aria-label=\"Carrusel de planes tur\u00edsticos\">\n\n      <div class=\"splide__track\">\n                        <ul class=\"splide__list list_cards\">                  \n                                  \n                  <li class=\"splide__slide card_item_carrusel \">\n                    <article class=\"plan_card\">\n    <div class=\"cnt_img\">\n    \n        <a href=\"https:\/\/www.boats4u.co\/en\/cartagena\/boat-and-yacht-rentals-in-cartagena\/relax-total-in-islas-del-rosario\/\">\n            <img decoding=\"async\" src=\"https:\/\/www.boats4u.co\/wp-content\/uploads\/2024\/12\/islas_rosario_total_relax_2-400x300.webp\" alt=\"Tour Relax Total in Islas del Rosario | alquilar bote o yate\" title=\"Tour Relax Total in Islas del Rosario | alquilar bote o yate\" class=\"img_card\">\n        <\/a>\n        \n    <\/div>\n    <div class=\"cnt_info_plan\">\n        <div class=\"info_txt\">\n            <div class=\"heading_card\">\n                <h3 class=\"name_card\">Relax Total in Islas del Rosario<\/h3>\n            <\/div>\n\n            <p class=\"location_duration\">\n                <span class=\"location\"><img decoding=\"async\" src=\"https:\/\/www.boats4u.co\/wp-content\/themes\/vstheme\/assets\/img\/icons\/icon_location.svg\" alt=\"Ubicaci\u00f3n del plan\" class=\"icon_location\">Cartagena<\/span>\n                <span class=\"duration\"><img decoding=\"async\" src=\"https:\/\/www.boats4u.co\/wp-content\/themes\/vstheme\/assets\/img\/icons\/icon_clock.svg\" alt=\"Duraci\u00f3n del plan\" class=\"icon_duration\">Schedule: 9:00 am &#8211; 5:00 pm<\/span>\n            <\/p>\n\n            <p class=\"price_plan\">\n                                    <span class=\"price discount\">From: &nbsp;&nbsp;<small>USD<\/small><strong><span class=\"wpcs_price\" id=\"wpcs_69e096fdb2a9b\" data-amount=2700000 ><span class=\"wpcs_price_symbol\">&#36;<\/span>&nbsp;731<\/span><\/strong><\/span>\n                                <!-- <span class=\"price normal txt_bold\"><\/span> -->\n            <\/p>\n        <\/div>\n\n        <div class=\"card_buttons\">\n                                            <a\n                  href=\"https:\/\/www.boats4u.co\/en\/cartagena\/boat-and-yacht-rentals-in-cartagena\/relax-total-in-islas-del-rosario\/\"\n                  class=\"btn_details  btn_plan_details\"\n                  data-id=\"6301\"\n                >\n                  See details and boats                <\/a>\n            \n                    <\/div>\n    <\/div>\n<\/article>                  <\/li>\n                                  \n                  <li class=\"splide__slide card_item_carrusel \">\n                    <article class=\"plan_card\">\n    <div class=\"cnt_img\">\n    \n        <a href=\"https:\/\/www.boats4u.co\/en\/cartagena\/boat-and-yacht-rentals-in-cartagena\/islas-del-rosario-boat-party\/\">\n            <img decoding=\"async\" src=\"https:\/\/www.boats4u.co\/wp-content\/uploads\/2024\/12\/islas_del_rosario_party_boats4u_5-400x300.webp\" alt=\"Tour Party on board in Cartagena | alquilar bote o yate\" title=\"Tour Party on board in Cartagena | alquilar bote o yate\" class=\"img_card\">\n        <\/a>\n        \n    <\/div>\n    <div class=\"cnt_info_plan\">\n        <div class=\"info_txt\">\n            <div class=\"heading_card\">\n                <h3 class=\"name_card\">Party on board in Cartagena<\/h3>\n            <\/div>\n\n            <p class=\"location_duration\">\n                <span class=\"location\"><img decoding=\"async\" src=\"https:\/\/www.boats4u.co\/wp-content\/themes\/vstheme\/assets\/img\/icons\/icon_location.svg\" alt=\"Ubicaci\u00f3n del plan\" class=\"icon_location\">Cartagena<\/span>\n                <span class=\"duration\"><img decoding=\"async\" src=\"https:\/\/www.boats4u.co\/wp-content\/themes\/vstheme\/assets\/img\/icons\/icon_clock.svg\" alt=\"Duraci\u00f3n del plan\" class=\"icon_duration\">Schedule: 9:00 am &#8211; 5:00 pm<\/span>\n            <\/p>\n\n            <p class=\"price_plan\">\n                                    <span class=\"price discount\">From: &nbsp;&nbsp;<small>USD<\/small><strong><span class=\"wpcs_price\" id=\"wpcs_69e096fdb36db\" data-amount=2700000 ><span class=\"wpcs_price_symbol\">&#36;<\/span>&nbsp;731<\/span><\/strong><\/span>\n                                <!-- <span class=\"price normal txt_bold\"><\/span> -->\n            <\/p>\n        <\/div>\n\n        <div class=\"card_buttons\">\n                                            <a\n                  href=\"https:\/\/www.boats4u.co\/en\/cartagena\/boat-and-yacht-rentals-in-cartagena\/islas-del-rosario-boat-party\/\"\n                  class=\"btn_details  btn_plan_details\"\n                  data-id=\"6292\"\n                >\n                  See details and boats                <\/a>\n            \n                    <\/div>\n    <\/div>\n<\/article>                  <\/li>\n                                  \n                  <li class=\"splide__slide card_item_carrusel \">\n                    <article class=\"plan_card\">\n    <div class=\"cnt_img\">\n    \n        <a href=\"https:\/\/www.boats4u.co\/en\/cartagena\/boat-and-yacht-rentals-in-cartagena\/cartagena-bay-sunset\/\">\n            <img decoding=\"async\" src=\"https:\/\/www.boats4u.co\/wp-content\/uploads\/2023\/12\/Romantic_Sunset.jpg\" alt=\"Tour Cartagena Bay Sunset | alquilar bote o yate\" title=\"Tour Cartagena Bay Sunset | alquilar bote o yate\" class=\"img_card\">\n        <\/a>\n        \n    <\/div>\n    <div class=\"cnt_info_plan\">\n        <div class=\"info_txt\">\n            <div class=\"heading_card\">\n                <h3 class=\"name_card\">Cartagena Bay Sunset<\/h3>\n            <\/div>\n\n            <p class=\"location_duration\">\n                <span class=\"location\"><img decoding=\"async\" src=\"https:\/\/www.boats4u.co\/wp-content\/themes\/vstheme\/assets\/img\/icons\/icon_location.svg\" alt=\"Ubicaci\u00f3n del plan\" class=\"icon_location\">Cartagena<\/span>\n                <span class=\"duration\"><img decoding=\"async\" src=\"https:\/\/www.boats4u.co\/wp-content\/themes\/vstheme\/assets\/img\/icons\/icon_clock.svg\" alt=\"Duraci\u00f3n del plan\" class=\"icon_duration\">Schedule: 5:30 pm &#8211; 9:00 pm<\/span>\n            <\/p>\n\n            <p class=\"price_plan\">\n                                <!-- <span class=\"price normal txt_bold\"><\/span> -->\n            <\/p>\n        <\/div>\n\n        <div class=\"card_buttons\">\n                                            <a\n                  href=\"https:\/\/www.boats4u.co\/en\/cartagena\/boat-and-yacht-rentals-in-cartagena\/cartagena-bay-sunset\/\"\n                  class=\"btn_details  btn_plan_details\"\n                  data-id=\"6274\"\n                >\n                  See details and boats                <\/a>\n            \n                    <\/div>\n    <\/div>\n<\/article>                  <\/li>\n                                  \n                  <li class=\"splide__slide card_item_carrusel \">\n                    <article class=\"plan_card\">\n    <div class=\"cnt_img\">\n    \n        <a href=\"https:\/\/www.boats4u.co\/en\/cartagena\/boat-and-yacht-rentals-in-cartagena\/fishing-and-adventure-in-cartagena\/\">\n            <img decoding=\"async\" src=\"https:\/\/www.boats4u.co\/wp-content\/uploads\/2024\/12\/Bote_o_Yate_de_Pesca-400x300.webp\" alt=\"Tour Fishing and Adventure in Cartagena | alquilar bote o yate\" title=\"Tour Fishing and Adventure in Cartagena | alquilar bote o yate\" class=\"img_card\">\n        <\/a>\n        \n    <\/div>\n    <div class=\"cnt_info_plan\">\n        <div class=\"info_txt\">\n            <div class=\"heading_card\">\n                <h3 class=\"name_card\">Fishing and Adventure in Cartagena<\/h3>\n            <\/div>\n\n            <p class=\"location_duration\">\n                <span class=\"location\"><img decoding=\"async\" src=\"https:\/\/www.boats4u.co\/wp-content\/themes\/vstheme\/assets\/img\/icons\/icon_location.svg\" alt=\"Ubicaci\u00f3n del plan\" class=\"icon_location\">Cartagena<\/span>\n                <span class=\"duration\"><img decoding=\"async\" src=\"https:\/\/www.boats4u.co\/wp-content\/themes\/vstheme\/assets\/img\/icons\/icon_clock.svg\" alt=\"Duraci\u00f3n del plan\" class=\"icon_duration\">Schedule: 6:30 am &#8211; 2:30 pm<\/span>\n            <\/p>\n\n            <p class=\"price_plan\">\n                                <!-- <span class=\"price normal txt_bold\"><\/span> -->\n            <\/p>\n        <\/div>\n\n        <div class=\"card_buttons\">\n                                            <a\n                  href=\"https:\/\/www.boats4u.co\/en\/cartagena\/boat-and-yacht-rentals-in-cartagena\/fishing-and-adventure-in-cartagena\/\"\n                  class=\"btn_details  btn_plan_details\"\n                  data-id=\"6295\"\n                >\n                  See details and boats                <\/a>\n            \n                    <\/div>\n    <\/div>\n<\/article>                  <\/li>\n                              <\/ul>\n                <\/div>\n\n        <\/div>\n    <\/div> <!-- main-content-class -->\n  <!-- <\/details> \/ <\/div> - ends -->\n  <\/div><\/section>\n","protected":false},"excerpt":{"rendered":"","protected":false},"author":1,"featured_media":0,"parent":6263,"menu_order":0,"comment_status":"closed","ping_status":"closed","template":"","meta":{"_acf_changed":false,"_joinchat":[],"footnotes":""},"tags":[],"class_list":["post-6273","page","type-page","status-publish","hentry"],"acf":[],"yoast_head":"<!-- This site is optimized with the Yoast SEO plugin v24.2 - https:\/\/yoast.com\/wordpress\/plugins\/seo\/ -->\n<title>Boat and Yacht Rentals in Cartagena | Boats4U<\/title>\n<meta name=\"description\" content=\"Rent a boat, yacht, or catamaran here and discover Cartagena, the Rosario Islands, Bar\u00fa, Chol\u00f3n, Playa Azul, and more Caribbean destinations.\" \/>\n<meta name=\"robots\" content=\"index, follow, max-snippet:-1, max-image-preview:large, max-video-preview:-1\" \/>\n<link rel=\"canonical\" href=\"https:\/\/www.boats4u.co\/en\/cartagena\/boat-and-yacht-rentals-in-cartagena\/\" \/>\n<meta property=\"og:locale\" content=\"en_US\" \/>\n<meta property=\"og:type\" content=\"article\" \/>\n<meta property=\"og:title\" content=\"Boat and Yacht Rentals in Cartagena | Boats4U\" \/>\n<meta property=\"og:description\" content=\"Rent a boat, yacht, or catamaran here and discover Cartagena, the Rosario Islands, Bar\u00fa, Chol\u00f3n, Playa Azul, and more Caribbean destinations.\" \/>\n<meta property=\"og:url\" content=\"https:\/\/www.boats4u.co\/en\/cartagena\/boat-and-yacht-rentals-in-cartagena\/\" \/>\n<meta property=\"og:site_name\" content=\"Boats4U\" \/>\n<meta property=\"article:publisher\" content=\"https:\/\/www.facebook.com\/Boats4U\" \/>\n<meta property=\"article:modified_time\" content=\"2024-12-28T05:09:51+00:00\" \/>\n<meta name=\"twitter:card\" content=\"summary_large_image\" \/>\n<script type=\"application\/ld+json\" class=\"yoast-schema-graph\">{\"@context\":\"https:\/\/schema.org\",\"@graph\":[{\"@type\":\"WebPage\",\"@id\":\"https:\/\/www.boats4u.co\/en\/cartagena\/boat-and-yacht-rentals-in-cartagena\/\",\"url\":\"https:\/\/www.boats4u.co\/en\/cartagena\/boat-and-yacht-rentals-in-cartagena\/\",\"name\":\"Boat and Yacht Rentals in Cartagena | Boats4U\",\"isPartOf\":{\"@id\":\"https:\/\/www.boats4u.co\/en\/#website\"},\"datePublished\":\"2024-11-18T01:31:32+00:00\",\"dateModified\":\"2024-12-28T05:09:51+00:00\",\"description\":\"Rent a boat, yacht, or catamaran here and discover Cartagena, the Rosario Islands, Bar\u00fa, Chol\u00f3n, Playa Azul, and more Caribbean destinations.\",\"breadcrumb\":{\"@id\":\"https:\/\/www.boats4u.co\/en\/cartagena\/boat-and-yacht-rentals-in-cartagena\/#breadcrumb\"},\"inLanguage\":\"en-US\",\"potentialAction\":[{\"@type\":\"ReadAction\",\"target\":[\"https:\/\/www.boats4u.co\/en\/cartagena\/boat-and-yacht-rentals-in-cartagena\/\"]}]},{\"@type\":\"BreadcrumbList\",\"@id\":\"https:\/\/www.boats4u.co\/en\/cartagena\/boat-and-yacht-rentals-in-cartagena\/#breadcrumb\",\"itemListElement\":[{\"@type\":\"ListItem\",\"position\":1,\"name\":\"Home\",\"item\":\"https:\/\/www.boats4u.co\/en\/\"},{\"@type\":\"ListItem\",\"position\":2,\"name\":\"Cartagena\",\"item\":\"https:\/\/www.boats4u.co\/en\/cartagena\/\"},{\"@type\":\"ListItem\",\"position\":3,\"name\":\"Your best choice of boat and yacht rentals in Cartagena\"}]},{\"@type\":\"WebSite\",\"@id\":\"https:\/\/www.boats4u.co\/en\/#website\",\"url\":\"https:\/\/www.boats4u.co\/en\/\",\"name\":\"Boats4U\",\"description\":\"Alquiler de yates, botes y lanchas en Cartagena, Santa Marta y San Andr\u00e9s. Te ofrecemos los mejores planes y paseos brind\u00e1ndote la oportunidad de vivir experiencias \u00fanicas en playas, Islas del Rosario, Isla Grande, Isla Chol\u00f3n, Playa Blanca y alta mar, con el alquiler de yates, botes. Junto a tus amigos y familia podr\u00e1s disfrutar de toda la la belleza y la magia del caribe. Encuentra qu\u00e9 hacer con Boats4U.\",\"publisher\":{\"@id\":\"https:\/\/www.boats4u.co\/en\/#organization\"},\"potentialAction\":[{\"@type\":\"SearchAction\",\"target\":{\"@type\":\"EntryPoint\",\"urlTemplate\":\"https:\/\/www.boats4u.co\/en\/?s={search_term_string}\"},\"query-input\":{\"@type\":\"PropertyValueSpecification\",\"valueRequired\":true,\"valueName\":\"search_term_string\"}}],\"inLanguage\":\"en-US\"},{\"@type\":\"Organization\",\"@id\":\"https:\/\/www.boats4u.co\/en\/#organization\",\"name\":\"Boats4U\",\"url\":\"https:\/\/www.boats4u.co\/en\/\",\"logo\":{\"@type\":\"ImageObject\",\"inLanguage\":\"en-US\",\"@id\":\"https:\/\/www.boats4u.co\/en\/#\/schema\/logo\/image\/\",\"url\":\"https:\/\/www.boats4u.co\/wp-content\/uploads\/2024\/02\/boats4u_logo.png\",\"contentUrl\":\"https:\/\/www.boats4u.co\/wp-content\/uploads\/2024\/02\/boats4u_logo.png\",\"width\":790,\"height\":790,\"caption\":\"Boats4U\"},\"image\":{\"@id\":\"https:\/\/www.boats4u.co\/en\/#\/schema\/logo\/image\/\"},\"sameAs\":[\"https:\/\/www.facebook.com\/Boats4U\",\"https:\/\/www.instagram.com\/boats4u.co\/?hl=es\",\"https:\/\/www.tiktok.com\/@boats4u\"]}]}<\/script>\n<!-- \/ Yoast SEO plugin. -->","yoast_head_json":{"title":"Boat and Yacht Rentals in Cartagena | Boats4U","description":"Rent a boat, yacht, or catamaran here and discover Cartagena, the Rosario Islands, Bar\u00fa, Chol\u00f3n, Playa Azul, and more Caribbean destinations.","robots":{"index":"index","follow":"follow","max-snippet":"max-snippet:-1","max-image-preview":"max-image-preview:large","max-video-preview":"max-video-preview:-1"},"canonical":"https:\/\/www.boats4u.co\/en\/cartagena\/boat-and-yacht-rentals-in-cartagena\/","og_locale":"en_US","og_type":"article","og_title":"Boat and Yacht Rentals in Cartagena | Boats4U","og_description":"Rent a boat, yacht, or catamaran here and discover Cartagena, the Rosario Islands, Bar\u00fa, Chol\u00f3n, Playa Azul, and more Caribbean destinations.","og_url":"https:\/\/www.boats4u.co\/en\/cartagena\/boat-and-yacht-rentals-in-cartagena\/","og_site_name":"Boats4U","article_publisher":"https:\/\/www.facebook.com\/Boats4U","article_modified_time":"2024-12-28T05:09:51+00:00","twitter_card":"summary_large_image","schema":{"@context":"https:\/\/schema.org","@graph":[{"@type":"WebPage","@id":"https:\/\/www.boats4u.co\/en\/cartagena\/boat-and-yacht-rentals-in-cartagena\/","url":"https:\/\/www.boats4u.co\/en\/cartagena\/boat-and-yacht-rentals-in-cartagena\/","name":"Boat and Yacht Rentals in Cartagena | Boats4U","isPartOf":{"@id":"https:\/\/www.boats4u.co\/en\/#website"},"datePublished":"2024-11-18T01:31:32+00:00","dateModified":"2024-12-28T05:09:51+00:00","description":"Rent a boat, yacht, or catamaran here and discover Cartagena, the Rosario Islands, Bar\u00fa, Chol\u00f3n, Playa Azul, and more Caribbean destinations.","breadcrumb":{"@id":"https:\/\/www.boats4u.co\/en\/cartagena\/boat-and-yacht-rentals-in-cartagena\/#breadcrumb"},"inLanguage":"en-US","potentialAction":[{"@type":"ReadAction","target":["https:\/\/www.boats4u.co\/en\/cartagena\/boat-and-yacht-rentals-in-cartagena\/"]}]},{"@type":"BreadcrumbList","@id":"https:\/\/www.boats4u.co\/en\/cartagena\/boat-and-yacht-rentals-in-cartagena\/#breadcrumb","itemListElement":[{"@type":"ListItem","position":1,"name":"Home","item":"https:\/\/www.boats4u.co\/en\/"},{"@type":"ListItem","position":2,"name":"Cartagena","item":"https:\/\/www.boats4u.co\/en\/cartagena\/"},{"@type":"ListItem","position":3,"name":"Your best choice of boat and yacht rentals in Cartagena"}]},{"@type":"WebSite","@id":"https:\/\/www.boats4u.co\/en\/#website","url":"https:\/\/www.boats4u.co\/en\/","name":"Boats4U","description":"Alquiler de yates, botes y lanchas en Cartagena, Santa Marta y San Andr\u00e9s. Te ofrecemos los mejores planes y paseos brind\u00e1ndote la oportunidad de vivir experiencias \u00fanicas en playas, Islas del Rosario, Isla Grande, Isla Chol\u00f3n, Playa Blanca y alta mar, con el alquiler de yates, botes. Junto a tus amigos y familia podr\u00e1s disfrutar de toda la la belleza y la magia del caribe. Encuentra qu\u00e9 hacer con Boats4U.","publisher":{"@id":"https:\/\/www.boats4u.co\/en\/#organization"},"potentialAction":[{"@type":"SearchAction","target":{"@type":"EntryPoint","urlTemplate":"https:\/\/www.boats4u.co\/en\/?s={search_term_string}"},"query-input":{"@type":"PropertyValueSpecification","valueRequired":true,"valueName":"search_term_string"}}],"inLanguage":"en-US"},{"@type":"Organization","@id":"https:\/\/www.boats4u.co\/en\/#organization","name":"Boats4U","url":"https:\/\/www.boats4u.co\/en\/","logo":{"@type":"ImageObject","inLanguage":"en-US","@id":"https:\/\/www.boats4u.co\/en\/#\/schema\/logo\/image\/","url":"https:\/\/www.boats4u.co\/wp-content\/uploads\/2024\/02\/boats4u_logo.png","contentUrl":"https:\/\/www.boats4u.co\/wp-content\/uploads\/2024\/02\/boats4u_logo.png","width":790,"height":790,"caption":"Boats4U"},"image":{"@id":"https:\/\/www.boats4u.co\/en\/#\/schema\/logo\/image\/"},"sameAs":["https:\/\/www.facebook.com\/Boats4U","https:\/\/www.instagram.com\/boats4u.co\/?hl=es","https:\/\/www.tiktok.com\/@boats4u"]}]}},"_links":{"self":[{"href":"https:\/\/www.boats4u.co\/en\/wp-json\/wp\/v2\/pages\/6273","targetHints":{"allow":["GET"]}}],"collection":[{"href":"https:\/\/www.boats4u.co\/en\/wp-json\/wp\/v2\/pages"}],"about":[{"href":"https:\/\/www.boats4u.co\/en\/wp-json\/wp\/v2\/types\/page"}],"author":[{"embeddable":true,"href":"https:\/\/www.boats4u.co\/en\/wp-json\/wp\/v2\/users\/1"}],"replies":[{"embeddable":true,"href":"https:\/\/www.boats4u.co\/en\/wp-json\/wp\/v2\/comments?post=6273"}],"version-history":[{"count":7,"href":"https:\/\/www.boats4u.co\/en\/wp-json\/wp\/v2\/pages\/6273\/revisions"}],"predecessor-version":[{"id":8090,"href":"https:\/\/www.boats4u.co\/en\/wp-json\/wp\/v2\/pages\/6273\/revisions\/8090"}],"up":[{"embeddable":true,"href":"https:\/\/www.boats4u.co\/en\/wp-json\/wp\/v2\/pages\/6263"}],"wp:attachment":[{"href":"https:\/\/www.boats4u.co\/en\/wp-json\/wp\/v2\/media?parent=6273"}],"wp:term":[{"taxonomy":"post_tag","embeddable":true,"href":"https:\/\/www.boats4u.co\/en\/wp-json\/wp\/v2\/tags?post=6273"}],"curies":[{"name":"wp","href":"https:\/\/api.w.org\/{rel}","templated":true}]}}