{"id":6382,"date":"2024-11-18T14:42:11","date_gmt":"2024-11-18T14:42:11","guid":{"rendered":"https:\/\/www.boats4u.co\/santa-marta\/destinations-in-santa-marta\/"},"modified":"2024-11-28T17:23:56","modified_gmt":"2024-11-28T17:23:56","slug":"destinations-in-santa-marta","status":"publish","type":"page","link":"https:\/\/www.boats4u.co\/en\/santa-marta\/destinations-in-santa-marta\/","title":{"rendered":"Destinations in Santa Marta"},"content":{"rendered":"<section\n  class=\" \"\n  id=\"\"\n  style=\"padding: 0;margin: 0;background-color: var(u002du002dprimary);border: none\"\n>\n  <!-- <details> \/ <div> - start -->\n  <div class=\"\" style=\"\">   \n  <!-- title -->\n  \n    \n    <div class=\"main-content-class \">  <div class=\"block_header_title default\" style=\"\">\n          <nav class=\"vs_breadcrumb\"><a href=\"https:\/\/www.boats4u.co\/en\/\">Home<\/a><\/nav>                <div class=\"title_container  title-theme : Defecto\" style=\"\">\n    <h1 class=\"extra-bold font-size-xxl primary_color \" style=\"\"\">Destinations in Santa Marta<\/h1>          <\/div>\n            <div class=\"overlay\"><\/div>\n  <\/div>  \n    <\/div> <!-- main-content-class -->\n  <!-- <\/details> \/ <\/div> - ends -->\n  <\/div><\/section>\n<section\n  class=\"vsblock_cards_grid_b \"\n  id=\"\"\n  style=\"padding: 2rem 6rem;margin: 0;background-color: white;border: none\"\n>\n  <!-- <details> \/ <div> - start -->\n  <div class=\"\" style=\"\">   \n  <!-- title -->\n      <div class=\"flex flex-col  \">\n                      <!-- END title -->\n        \n\n        \n    <\/div>\n  \n    \n    <div class=\"main-content-class grid-5\">  <article class=\"part_card_b\">\n  <img loading=\"lazy\" decoding=\"async\"\n    src=\"https:\/\/www.boats4u.co\/wp-content\/uploads\/2023\/02\/Bahia_Concha_Boats4u.jpg\"\n    width=\"395\"\n    height=\"300\"\n  \/>\n  <div class=\"info\">\n    <h3>Bah\u00eda Concha<\/h3>\n    <div class=\"desc\">A Serene Retreat on Colombia&#8217;s Caribbean Coast. Its turquoise waters and white sand invite you to relax. Practice snorkeling, enjoy a beach picnic, or explore the nearby trails. A peaceful getaway to connect with nature and rejuvenate.<\/div>\n    <div class=\"d-flex justify-content-end mt-3\">\n      <a href=\"https:\/\/www.boats4u.co\/en\/santa-marta\/destinations-in-santa-marta\/bahia-concha\/\">More<\/a>\n    <\/div>\n  <\/div>\n<\/article>\n\n  <article class=\"part_card_b\">\n  <img loading=\"lazy\" decoding=\"async\"\n    src=\"https:\/\/www.boats4u.co\/wp-content\/uploads\/2023\/02\/Bahia_Cinto_Boats4u.jpg\"\n    width=\"395\"\n    height=\"300\"\n  \/>\n  <div class=\"info\">\n    <h3>Bah\u00eda Cinto<\/h3>\n    <div class=\"desc\">A Hidden Eden on the Caribbean Coast. Crystal-clear waters caress golden sandy beaches. Snorkel among vibrant corals, unwind in the bay&#8217;s serenity, or venture onto nearby trails. A natural sanctuary for sun and sea lovers.<\/div>\n    <div class=\"d-flex justify-content-end mt-3\">\n      <a href=\"https:\/\/www.boats4u.co\/en\/santa-marta\/destinations-in-santa-marta\/bahia-cinto\/\">More<\/a>\n    <\/div>\n  <\/div>\n<\/article>\n\n  <article class=\"part_card_b\">\n  <img loading=\"lazy\" decoding=\"async\"\n    src=\"https:\/\/www.boats4u.co\/wp-content\/uploads\/2023\/02\/Playa_Cristal_Boats4u.jpg\"\n    width=\"395\"\n    height=\"300\"\n  \/>\n  <div class=\"info\">\n    <h3>Playa Cristal<\/h3>\n    <div class=\"desc\">A Caribbean paradise of turquoise waters and soft sand. Dive into its coral reef with snorkeling, one of the largest in the world, relax under palm trees, or explore the surrounding lush jungle.<\/div>\n    <div class=\"d-flex justify-content-end mt-3\">\n      <a href=\"https:\/\/www.boats4u.co\/en\/santa-marta\/destinations-in-santa-marta\/playa-cristal\/\">More<\/a>\n    <\/div>\n  <\/div>\n<\/article>\n\n\n    <\/div> <!-- main-content-class -->\n  <!-- <\/details> \/ <\/div> - ends -->\n  <\/div><\/section>\n","protected":false},"excerpt":{"rendered":"","protected":false},"author":1,"featured_media":0,"parent":6364,"menu_order":0,"comment_status":"closed","ping_status":"closed","template":"","meta":{"_acf_changed":false,"_joinchat":[],"footnotes":""},"tags":[],"class_list":["post-6382","page","type-page","status-publish","hentry"],"acf":[],"yoast_head":"<!-- This site is optimized with the Yoast SEO plugin v24.2 - https:\/\/yoast.com\/wordpress\/plugins\/seo\/ -->\n<title>Destinations in Santa Marta - Boats4U<\/title>\n<meta name=\"robots\" content=\"index, follow, max-snippet:-1, max-image-preview:large, max-video-preview:-1\" \/>\n<link rel=\"canonical\" href=\"https:\/\/www.boats4u.co\/en\/santa-marta\/destinations-in-santa-marta\/\" \/>\n<meta property=\"og:locale\" content=\"en_US\" \/>\n<meta property=\"og:type\" content=\"article\" \/>\n<meta property=\"og:title\" content=\"Destinations in Santa Marta - Boats4U\" \/>\n<meta property=\"og:url\" content=\"https:\/\/www.boats4u.co\/en\/santa-marta\/destinations-in-santa-marta\/\" \/>\n<meta property=\"og:site_name\" content=\"Boats4U\" \/>\n<meta property=\"article:publisher\" content=\"https:\/\/www.facebook.com\/Boats4U\" \/>\n<meta property=\"article:modified_time\" content=\"2024-11-28T17:23:56+00:00\" \/>\n<meta name=\"twitter:card\" content=\"summary_large_image\" \/>\n<script type=\"application\/ld+json\" class=\"yoast-schema-graph\">{\"@context\":\"https:\/\/schema.org\",\"@graph\":[{\"@type\":\"WebPage\",\"@id\":\"https:\/\/www.boats4u.co\/en\/santa-marta\/destinations-in-santa-marta\/\",\"url\":\"https:\/\/www.boats4u.co\/en\/santa-marta\/destinations-in-santa-marta\/\",\"name\":\"Destinations in Santa Marta - Boats4U\",\"isPartOf\":{\"@id\":\"https:\/\/www.boats4u.co\/en\/#website\"},\"datePublished\":\"2024-11-18T14:42:11+00:00\",\"dateModified\":\"2024-11-28T17:23:56+00:00\",\"breadcrumb\":{\"@id\":\"https:\/\/www.boats4u.co\/en\/santa-marta\/destinations-in-santa-marta\/#breadcrumb\"},\"inLanguage\":\"en-US\",\"potentialAction\":[{\"@type\":\"ReadAction\",\"target\":[\"https:\/\/www.boats4u.co\/en\/santa-marta\/destinations-in-santa-marta\/\"]}]},{\"@type\":\"BreadcrumbList\",\"@id\":\"https:\/\/www.boats4u.co\/en\/santa-marta\/destinations-in-santa-marta\/#breadcrumb\",\"itemListElement\":[{\"@type\":\"ListItem\",\"position\":1,\"name\":\"Home\",\"item\":\"https:\/\/www.boats4u.co\/en\/\"},{\"@type\":\"ListItem\",\"position\":2,\"name\":\"Santa Marta\",\"item\":\"https:\/\/www.boats4u.co\/en\/santa-marta\/\"},{\"@type\":\"ListItem\",\"position\":3,\"name\":\"Destinations in Santa Marta\"}]},{\"@type\":\"WebSite\",\"@id\":\"https:\/\/www.boats4u.co\/en\/#website\",\"url\":\"https:\/\/www.boats4u.co\/en\/\",\"name\":\"Boats4U\",\"description\":\"Alquiler de yates, botes y lanchas en Cartagena, Santa Marta y San Andr\u00e9s. Te ofrecemos los mejores planes y paseos brind\u00e1ndote la oportunidad de vivir experiencias \u00fanicas en playas, Islas del Rosario, Isla Grande, Isla Chol\u00f3n, Playa Blanca y alta mar, con el alquiler de yates, botes. Junto a tus amigos y familia podr\u00e1s disfrutar de toda la la belleza y la magia del caribe. Encuentra qu\u00e9 hacer con Boats4U.\",\"publisher\":{\"@id\":\"https:\/\/www.boats4u.co\/en\/#organization\"},\"potentialAction\":[{\"@type\":\"SearchAction\",\"target\":{\"@type\":\"EntryPoint\",\"urlTemplate\":\"https:\/\/www.boats4u.co\/en\/?s={search_term_string}\"},\"query-input\":{\"@type\":\"PropertyValueSpecification\",\"valueRequired\":true,\"valueName\":\"search_term_string\"}}],\"inLanguage\":\"en-US\"},{\"@type\":\"Organization\",\"@id\":\"https:\/\/www.boats4u.co\/en\/#organization\",\"name\":\"Boats4U\",\"url\":\"https:\/\/www.boats4u.co\/en\/\",\"logo\":{\"@type\":\"ImageObject\",\"inLanguage\":\"en-US\",\"@id\":\"https:\/\/www.boats4u.co\/en\/#\/schema\/logo\/image\/\",\"url\":\"https:\/\/www.boats4u.co\/wp-content\/uploads\/2024\/02\/boats4u_logo.png\",\"contentUrl\":\"https:\/\/www.boats4u.co\/wp-content\/uploads\/2024\/02\/boats4u_logo.png\",\"width\":790,\"height\":790,\"caption\":\"Boats4U\"},\"image\":{\"@id\":\"https:\/\/www.boats4u.co\/en\/#\/schema\/logo\/image\/\"},\"sameAs\":[\"https:\/\/www.facebook.com\/Boats4U\",\"https:\/\/www.instagram.com\/boats4u.co\/?hl=es\",\"https:\/\/www.tiktok.com\/@boats4u\"]}]}<\/script>\n<!-- \/ Yoast SEO plugin. -->","yoast_head_json":{"title":"Destinations in Santa Marta - Boats4U","robots":{"index":"index","follow":"follow","max-snippet":"max-snippet:-1","max-image-preview":"max-image-preview:large","max-video-preview":"max-video-preview:-1"},"canonical":"https:\/\/www.boats4u.co\/en\/santa-marta\/destinations-in-santa-marta\/","og_locale":"en_US","og_type":"article","og_title":"Destinations in Santa Marta - Boats4U","og_url":"https:\/\/www.boats4u.co\/en\/santa-marta\/destinations-in-santa-marta\/","og_site_name":"Boats4U","article_publisher":"https:\/\/www.facebook.com\/Boats4U","article_modified_time":"2024-11-28T17:23:56+00:00","twitter_card":"summary_large_image","schema":{"@context":"https:\/\/schema.org","@graph":[{"@type":"WebPage","@id":"https:\/\/www.boats4u.co\/en\/santa-marta\/destinations-in-santa-marta\/","url":"https:\/\/www.boats4u.co\/en\/santa-marta\/destinations-in-santa-marta\/","name":"Destinations in Santa Marta - Boats4U","isPartOf":{"@id":"https:\/\/www.boats4u.co\/en\/#website"},"datePublished":"2024-11-18T14:42:11+00:00","dateModified":"2024-11-28T17:23:56+00:00","breadcrumb":{"@id":"https:\/\/www.boats4u.co\/en\/santa-marta\/destinations-in-santa-marta\/#breadcrumb"},"inLanguage":"en-US","potentialAction":[{"@type":"ReadAction","target":["https:\/\/www.boats4u.co\/en\/santa-marta\/destinations-in-santa-marta\/"]}]},{"@type":"BreadcrumbList","@id":"https:\/\/www.boats4u.co\/en\/santa-marta\/destinations-in-santa-marta\/#breadcrumb","itemListElement":[{"@type":"ListItem","position":1,"name":"Home","item":"https:\/\/www.boats4u.co\/en\/"},{"@type":"ListItem","position":2,"name":"Santa Marta","item":"https:\/\/www.boats4u.co\/en\/santa-marta\/"},{"@type":"ListItem","position":3,"name":"Destinations in Santa Marta"}]},{"@type":"WebSite","@id":"https:\/\/www.boats4u.co\/en\/#website","url":"https:\/\/www.boats4u.co\/en\/","name":"Boats4U","description":"Alquiler de yates, botes y lanchas en Cartagena, Santa Marta y San Andr\u00e9s. Te ofrecemos los mejores planes y paseos brind\u00e1ndote la oportunidad de vivir experiencias \u00fanicas en playas, Islas del Rosario, Isla Grande, Isla Chol\u00f3n, Playa Blanca y alta mar, con el alquiler de yates, botes. Junto a tus amigos y familia podr\u00e1s disfrutar de toda la la belleza y la magia del caribe. Encuentra qu\u00e9 hacer con Boats4U.","publisher":{"@id":"https:\/\/www.boats4u.co\/en\/#organization"},"potentialAction":[{"@type":"SearchAction","target":{"@type":"EntryPoint","urlTemplate":"https:\/\/www.boats4u.co\/en\/?s={search_term_string}"},"query-input":{"@type":"PropertyValueSpecification","valueRequired":true,"valueName":"search_term_string"}}],"inLanguage":"en-US"},{"@type":"Organization","@id":"https:\/\/www.boats4u.co\/en\/#organization","name":"Boats4U","url":"https:\/\/www.boats4u.co\/en\/","logo":{"@type":"ImageObject","inLanguage":"en-US","@id":"https:\/\/www.boats4u.co\/en\/#\/schema\/logo\/image\/","url":"https:\/\/www.boats4u.co\/wp-content\/uploads\/2024\/02\/boats4u_logo.png","contentUrl":"https:\/\/www.boats4u.co\/wp-content\/uploads\/2024\/02\/boats4u_logo.png","width":790,"height":790,"caption":"Boats4U"},"image":{"@id":"https:\/\/www.boats4u.co\/en\/#\/schema\/logo\/image\/"},"sameAs":["https:\/\/www.facebook.com\/Boats4U","https:\/\/www.instagram.com\/boats4u.co\/?hl=es","https:\/\/www.tiktok.com\/@boats4u"]}]}},"_links":{"self":[{"href":"https:\/\/www.boats4u.co\/en\/wp-json\/wp\/v2\/pages\/6382","targetHints":{"allow":["GET"]}}],"collection":[{"href":"https:\/\/www.boats4u.co\/en\/wp-json\/wp\/v2\/pages"}],"about":[{"href":"https:\/\/www.boats4u.co\/en\/wp-json\/wp\/v2\/types\/page"}],"author":[{"embeddable":true,"href":"https:\/\/www.boats4u.co\/en\/wp-json\/wp\/v2\/users\/1"}],"replies":[{"embeddable":true,"href":"https:\/\/www.boats4u.co\/en\/wp-json\/wp\/v2\/comments?post=6382"}],"version-history":[{"count":1,"href":"https:\/\/www.boats4u.co\/en\/wp-json\/wp\/v2\/pages\/6382\/revisions"}],"predecessor-version":[{"id":6383,"href":"https:\/\/www.boats4u.co\/en\/wp-json\/wp\/v2\/pages\/6382\/revisions\/6383"}],"up":[{"embeddable":true,"href":"https:\/\/www.boats4u.co\/en\/wp-json\/wp\/v2\/pages\/6364"}],"wp:attachment":[{"href":"https:\/\/www.boats4u.co\/en\/wp-json\/wp\/v2\/media?parent=6382"}],"wp:term":[{"taxonomy":"post_tag","embeddable":true,"href":"https:\/\/www.boats4u.co\/en\/wp-json\/wp\/v2\/tags?post=6382"}],"curies":[{"name":"wp","href":"https:\/\/api.w.org\/{rel}","templated":true}]}}