{"id":6435,"date":"2024-11-18T14:48:57","date_gmt":"2024-11-18T14:48:57","guid":{"rendered":"https:\/\/www.boats4u.co\/santa-marta\/destinations-in-santa-marta\/bahia-concha\/"},"modified":"2024-12-28T05:19:38","modified_gmt":"2024-12-28T05:19:38","slug":"bahia-concha","status":"publish","type":"page","link":"https:\/\/www.boats4u.co\/en\/santa-marta\/destinations-in-santa-marta\/bahia-concha\/","title":{"rendered":"Bah\u00eda Concha"},"content":{"rendered":"<div class=\"vsblock_cover_image\">\n\n  <img src=\"https:\/\/www.boats4u.co\/wp-content\/uploads\/2024\/12\/Bahia-Concha_2.webp\" alt=\"Bah\u00eda Concha\" class=\"img_responsive cover-img\" width=\"1024\" height=\"620\" loading=\"lazy\" decoding=\"async\"\/>  \n  <div class=\"title-container\">\n    \n    <nav class=\"vs_breadcrumb\"><a href=\"https:\/\/www.boats4u.co\/en\/\">Home<\/a><\/nav>    \n      <div class=\"title_container  title-theme : Defecto\" style=\"\">\n    <h1 class=\"extra-bold font-size-xxl white_color \" style=\"\"\">Bah\u00eda Concha<\/h1>          <\/div>\n          <h2 class=\"small\">A serene corner of the Caribbean to explore and relax<\/h2>\n              <div class=\"actions-container\">\n                  <a href=\"#info_destino\">Conoce m\u00e1s sobre este lugar<\/a>\n              <\/div>\n      <\/div>\n  <div class=\"overlay\"><\/div>\n<\/div><section\n  class=\"vsblock_image_gallery_a \"\n  id=\"destination_info\"\n  style=\"padding: 6rem 2rem;margin: 0;background-color: var(--gray_100);border: none\"\n>\n  <!-- <details> \/ <div> - start -->\n  <div class=\"\" style=\"\">   \n  <!-- title -->\n  \n    \n    <div class=\"main-content-class d-flex justify-center\">  <div class=\"gallery_container\">\n    <ul id=\"thumbnails\" class=\"thumbnails\">\n              <li class=\"thumbnail\">\n          <img decoding=\"async\" src=\"https:\/\/www.boats4u.co\/wp-content\/uploads\/2024\/12\/Bahia-Concha_1-300x192.webp\" alt=\"\">\n        <\/li>\n              <li class=\"thumbnail\">\n          <img decoding=\"async\" src=\"https:\/\/www.boats4u.co\/wp-content\/uploads\/2024\/12\/Bahia-Concha_2-300x182.webp\" alt=\"\">\n        <\/li>\n           \n    <\/ul>\n\n    <section id=\"main-carousel\" class=\"splide main_image\" aria-label=\"My Awesome Gallery\">\n      <div class=\"splide__track\">\n        <ul class=\"splide__list\">\n                      <li class=\"splide__slide\">\n              <img decoding=\"async\" src=\"https:\/\/www.boats4u.co\/wp-content\/uploads\/2024\/12\/Bahia-Concha_1-630x408.webp\" alt=\"\" loading=\"lazy\" \/>\n            <\/li>\n                      <li class=\"splide__slide\">\n              <img decoding=\"async\" src=\"https:\/\/www.boats4u.co\/wp-content\/uploads\/2024\/12\/Bahia-Concha_2-630x408.webp\" alt=\"\" loading=\"lazy\" \/>\n            <\/li>\n                \n        <\/ul>\n      <\/div>\n    <\/section>\n\n  <\/div>\n  <div class=\"content\">\n        <p>Concha Bay is a paradise of calm and crystalline waters located in the Tayrona Park, ideal for those looking for a relaxing experience in contact with nature. With its golden sand and mountainous landscapes, it is the perfect place to enjoy a day in the sun, snorkel or simply disconnect in a peaceful environment. Discover the magic of this Caribbean destination and create unforgettable memories in Concha Bay.  <\/p>\n<p><a href=\"#tours\">Click here to learn about<\/a> the plans and boats you can rent to visit <strong>Playa Cristal<\/strong>.<\/p>\n      <\/div>\n    <\/div> <!-- main-content-class -->\n  <!-- <\/details> \/ <\/div> - ends -->\n  <\/div><\/section>\n<section\n  class=\"vsblock_slider_cards_planes \"\n  id=\"tours\"\n  style=\"padding: 3rem 6rem;margin: 0;background-color: white;border: none\"\n>\n  <!-- <details> \/ <div> - start -->\n  <div class=\"\" style=\"\">   \n  <!-- title -->\n      <div class=\"flex flex-col  \">\n                <div class=\"title_container  mb-3  title-theme : Defecto\" style=\"\">\n    <h2 class=\" bold font-size-md primary_color \" style=\"\"\">Get to know Concha Bay by renting a boat in the following plan<\/h2>          <\/div>\n        <!-- END title -->\n        \n\n        \n    <\/div>\n  \n    \n    <div class=\"main-content-class \">  <div class=\"splide slider_cards_plans\" role=\"group\" aria-label=\"Carrusel de planes tur\u00edsticos\">\n\n      <div class=\"splide__track\">\n                        <ul class=\"splide__list list_cards\">                  \n                                  \n                  <li class=\"splide__slide card_item_carrusel \">\n                    <article class=\"plan_card\">\n    <div class=\"cnt_img\">\n    \n        <a href=\"https:\/\/www.boats4u.co\/en\/santa-marta\/yacht-and-boat-rentals-in-santa-marta\/magic-tayrona-tour\/\">\n            <img decoding=\"async\" src=\"https:\/\/www.boats4u.co\/wp-content\/uploads\/2023\/12\/BOATS4U-tayrona_santa_marta_4.jpg\" alt=\"Tour Magic Tayrona Tour | alquilar bote o yate\" title=\"Tour Magic Tayrona Tour | alquilar bote o yate\" class=\"img_card\">\n        <\/a>\n        \n    <\/div>\n    <div class=\"cnt_info_plan\">\n        <div class=\"info_txt\">\n            <div class=\"heading_card\">\n                <h3 class=\"name_card\">Magic Tayrona Tour<\/h3>\n            <\/div>\n\n            <p class=\"location_duration\">\n                <span class=\"location\"><img decoding=\"async\" src=\"https:\/\/www.boats4u.co\/wp-content\/themes\/vstheme\/assets\/img\/icons\/icon_location.svg\" alt=\"Ubicaci\u00f3n del plan\" class=\"icon_location\">Santa Marta<\/span>\n                <span class=\"duration\"><img decoding=\"async\" src=\"https:\/\/www.boats4u.co\/wp-content\/themes\/vstheme\/assets\/img\/icons\/icon_clock.svg\" alt=\"Duraci\u00f3n del plan\" class=\"icon_duration\">Schedule: 9:00 am &#8211; 5:00 pm<\/span>\n            <\/p>\n\n            <p class=\"price_plan\">\n                                    <span class=\"price discount\">From: &nbsp;&nbsp;<small>USD<\/small><strong><span class=\"wpcs_price\" id=\"wpcs_69e63c9ba02fe\" data-amount=3600000 ><span class=\"wpcs_price_symbol\">&#36;<\/span>&nbsp;975<\/span><\/strong><\/span>\n                                <!-- <span class=\"price normal txt_bold\"><\/span> -->\n            <\/p>\n        <\/div>\n\n        <div class=\"card_buttons\">\n                                            <a\n                  href=\"https:\/\/www.boats4u.co\/en\/santa-marta\/yacht-and-boat-rentals-in-santa-marta\/magic-tayrona-tour\/\"\n                  class=\"btn_details  btn_plan_details\"\n                  data-id=\"8116\"\n                >\n                  See details and boats                <\/a>\n            \n                    <\/div>\n    <\/div>\n<\/article>                  <\/li>\n                              <\/ul>\n                <\/div>\n\n              <div class=\"splide__arrows carrusel_arrows\">\n            <button class=\"splide__arrow splide__arrow--prev\">\n                <svg width=\"12\" height=\"20\" viewBox=\"0 0 12 20\" fill=\"none\" xmlns=\"http:\/\/www.w3.org\/2000\/svg\">\n                    <path d=\"M3.33786e-05 9.96073C-0.00148678 9.69877 0.0489292 9.43908 0.148391 9.19656C0.247851 8.95404 0.394401 8.73346 0.579637 8.54747L8.57416 0.585395C8.76051 0.399802 8.98174 0.252582 9.22522 0.15214C9.4687 0.0516975 9.72965 3.91108e-09 9.99319 0C10.2567 -3.91108e-09 10.5177 0.0516975 10.7612 0.15214C11.0046 0.252582 11.2259 0.399802 11.4122 0.585395C11.5986 0.770988 11.7464 0.991319 11.8472 1.23381C11.9481 1.4763 12 1.73619 12 1.99866C12 2.26113 11.9481 2.52103 11.8472 2.76352C11.7464 3.00601 11.5986 3.22634 11.4122 3.41193L4.79675 9.96073L11.1524 16.5294C11.3568 16.7126 11.5211 16.9357 11.635 17.1849C11.7489 17.4342 11.81 17.7041 11.8143 17.9779C11.8187 18.2517 11.7663 18.5235 11.6604 18.7762C11.5544 19.0289 11.3973 19.2571 11.1988 19.4466C11.0003 19.6361 10.7647 19.7827 10.5066 19.8774C10.2486 19.972 9.97379 20.0126 9.69931 19.9966C9.42482 19.9806 9.1566 19.9084 8.91142 19.7845C8.66623 19.6606 8.44936 19.4876 8.27437 19.2764L0.559649 11.3143C0.207261 10.9503 0.00718021 10.4663 3.33786e-05 9.96073Z\" fill=\"#0D2957\" fill-opacity=\"0.5\" \/>\n                <\/svg>\n            <\/button>\n            <button class=\"splide__arrow splide__arrow--next\">\n                <svg width=\"12\" height=\"20\" viewBox=\"0 0 12 20\" fill=\"none\" xmlns=\"http:\/\/www.w3.org\/2000\/svg\">\n                    <path d=\"M12 10.0393C12.0015 10.3012 11.9511 10.5609 11.8516 10.8034C11.7521 11.046 11.6056 11.2665 11.4204 11.4525L3.42584 19.4146C3.23949 19.6002 3.01826 19.7474 2.77478 19.8479C2.5313 19.9483 2.27035 20 2.00681 20C1.74327 20 1.48231 19.9483 1.23883 19.8479C0.995358 19.7474 0.77413 19.6002 0.58778 19.4146C0.401431 19.229 0.25361 19.0087 0.152758 18.7662C0.0519064 18.5237 -3.92702e-09 18.2638 0 18.0013C3.92703e-09 17.7389 0.0519063 17.479 0.152758 17.2365C0.25361 16.994 0.401431 16.7737 0.58778 16.5881L7.20325 10.0393L0.847602 3.47055C0.643163 3.28744 0.478858 3.06429 0.364964 2.81505C0.251069 2.56582 0.190037 2.29585 0.185681 2.02205C0.181326 1.74825 0.23374 1.4765 0.339649 1.22379C0.445559 0.971081 0.602685 0.742859 0.801198 0.553391C0.999711 0.36392 1.23534 0.217281 1.49335 0.122646C1.75136 0.0280094 2.02621 -0.0125866 2.30069 0.00339317C2.57518 0.0193729 2.8434 0.091589 3.08858 0.215519C3.33377 0.339449 3.55064 0.512428 3.72563 0.723642L11.4404 8.68571C11.7927 9.04973 11.9928 9.53367 12 10.0393Z\" fill=\"#0D2957\" fill-opacity=\"0.5\" \/>\n                <\/svg>\n\n            <\/button>\n        <\/div>\n        <\/div>\n    <\/div> <!-- main-content-class -->\n  <!-- <\/details> \/ <\/div> - ends -->\n  <\/div><\/section>\n<section\n  class=\"vsblock_cards_carrousel_b \"\n  id=\"\"\n  style=\"padding: 3rem 6rem;margin: 0;background-color: white;border: none\"\n>\n  <!-- <details> \/ <div> - start -->\n  <div class=\"\" style=\"\">   \n  <!-- title -->\n      <div class=\"flex flex-col  \">\n                <div class=\"title_container   title-theme : Defecto\" style=\"\">\n    <h2 class=\" extra-bold font-size-md primary_color \" style=\"\"\">Other Destinations in Santa Marta<\/h2>          <\/div>\n        <!-- END title -->\n        \n\n        \n    <\/div>\n  \n    \n    <div class=\"main-content-class \">  <div class=\"splide slider_cards_carrousel_b\" data-length=\"4\">\n    <div class=\"splide__track\">\n      <ul class=\"splide__list\">\n                            <li class=\"splide__slide\">\n            <article class=\"card_b\">\n              <img loading=\"lazy\" decoding=\"async\"\n                src=\"https:\/\/www.boats4u.co\/wp-content\/uploads\/2023\/02\/Bahia_Cinto_Boats4u.jpg\"\n                width=\"395\"\n                height=\"300\"\n              \/>\n              <div class=\"info\">\n                <h3>Bah\u00eda Cinto<\/h3>\n                <div class=\"desc\">A Hidden Eden on the Caribbean Coast. Crystal-clear waters caress golden sandy beaches. Snorkel among vibrant corals, unwind in the bay&#8217;s serenity, or venture onto nearby trails. A natural sanctuary for sun and sea lovers.<\/div>\n                <div class=\"d-flex justify-content-end mt-3\">\n                  <a href=\"https:\/\/www.boats4u.co\/en\/santa-marta\/destinations-in-santa-marta\/bahia-cinto\/\">More<\/a>\n                <\/div>\n              <\/div>\n            <\/article>\n          <\/li>\n                            <li class=\"splide__slide\">\n            <article class=\"card_b\">\n              <img loading=\"lazy\" decoding=\"async\"\n                src=\"https:\/\/www.boats4u.co\/wp-content\/uploads\/2023\/02\/Playa_Cristal_Boats4u.jpg\"\n                width=\"395\"\n                height=\"300\"\n              \/>\n              <div class=\"info\">\n                <h3>Playa Cristal<\/h3>\n                <div class=\"desc\">A Caribbean paradise of turquoise waters and soft sand. Dive into its coral reef with snorkeling, one of the largest in the world, relax under palm trees, or explore the surrounding lush jungle.<\/div>\n                <div class=\"d-flex justify-content-end mt-3\">\n                  <a href=\"https:\/\/www.boats4u.co\/en\/santa-marta\/destinations-in-santa-marta\/playa-cristal\/\">More<\/a>\n                <\/div>\n              <\/div>\n            <\/article>\n          <\/li>\n              <\/ul>\n    <\/div>\n    <div class=\"splide__arrows carrusel_arrows\">\n        <button class=\"splide__arrow splide__arrow--prev\">\n            <svg width=\"12\" height=\"20\" viewBox=\"0 0 12 20\" fill=\"none\" xmlns=\"http:\/\/www.w3.org\/2000\/svg\">\n                <path d=\"M3.33786e-05 9.96073C-0.00148678 9.69877 0.0489292 9.43908 0.148391 9.19656C0.247851 8.95404 0.394401 8.73346 0.579637 8.54747L8.57416 0.585395C8.76051 0.399802 8.98174 0.252582 9.22522 0.15214C9.4687 0.0516975 9.72965 3.91108e-09 9.99319 0C10.2567 -3.91108e-09 10.5177 0.0516975 10.7612 0.15214C11.0046 0.252582 11.2259 0.399802 11.4122 0.585395C11.5986 0.770988 11.7464 0.991319 11.8472 1.23381C11.9481 1.4763 12 1.73619 12 1.99866C12 2.26113 11.9481 2.52103 11.8472 2.76352C11.7464 3.00601 11.5986 3.22634 11.4122 3.41193L4.79675 9.96073L11.1524 16.5294C11.3568 16.7126 11.5211 16.9357 11.635 17.1849C11.7489 17.4342 11.81 17.7041 11.8143 17.9779C11.8187 18.2517 11.7663 18.5235 11.6604 18.7762C11.5544 19.0289 11.3973 19.2571 11.1988 19.4466C11.0003 19.6361 10.7647 19.7827 10.5066 19.8774C10.2486 19.972 9.97379 20.0126 9.69931 19.9966C9.42482 19.9806 9.1566 19.9084 8.91142 19.7845C8.66623 19.6606 8.44936 19.4876 8.27437 19.2764L0.559649 11.3143C0.207261 10.9503 0.00718021 10.4663 3.33786e-05 9.96073Z\" fill=\"#0D2957\" fill-opacity=\"0.5\" \/>\n            <\/svg>\n        <\/button>\n        <button class=\"splide__arrow splide__arrow--next\">\n            <svg width=\"12\" height=\"20\" viewBox=\"0 0 12 20\" fill=\"none\" xmlns=\"http:\/\/www.w3.org\/2000\/svg\">\n                <path d=\"M12 10.0393C12.0015 10.3012 11.9511 10.5609 11.8516 10.8034C11.7521 11.046 11.6056 11.2665 11.4204 11.4525L3.42584 19.4146C3.23949 19.6002 3.01826 19.7474 2.77478 19.8479C2.5313 19.9483 2.27035 20 2.00681 20C1.74327 20 1.48231 19.9483 1.23883 19.8479C0.995358 19.7474 0.77413 19.6002 0.58778 19.4146C0.401431 19.229 0.25361 19.0087 0.152758 18.7662C0.0519064 18.5237 -3.92702e-09 18.2638 0 18.0013C3.92703e-09 17.7389 0.0519063 17.479 0.152758 17.2365C0.25361 16.994 0.401431 16.7737 0.58778 16.5881L7.20325 10.0393L0.847602 3.47055C0.643163 3.28744 0.478858 3.06429 0.364964 2.81505C0.251069 2.56582 0.190037 2.29585 0.185681 2.02205C0.181326 1.74825 0.23374 1.4765 0.339649 1.22379C0.445559 0.971081 0.602685 0.742859 0.801198 0.553391C0.999711 0.36392 1.23534 0.217281 1.49335 0.122646C1.75136 0.0280094 2.02621 -0.0125866 2.30069 0.00339317C2.57518 0.0193729 2.8434 0.091589 3.08858 0.215519C3.33377 0.339449 3.55064 0.512428 3.72563 0.723642L11.4404 8.68571C11.7927 9.04973 11.9928 9.53367 12 10.0393Z\" fill=\"#0D2957\" fill-opacity=\"0.5\" \/>\n            <\/svg>\n\n        <\/button>\n    <\/div>    \n  <\/div>\n    <\/div> <!-- main-content-class -->\n  <!-- <\/details> \/ <\/div> - ends -->\n  <\/div><\/section>\n","protected":false},"excerpt":{"rendered":"<p>A Serene Retreat on Colombia&#8217;s Caribbean Coast. Its turquoise waters and white sand invite you to relax. Practice snorkeling, enjoy a beach picnic, or explore the nearby trails. A peaceful getaway to connect with nature and rejuvenate.<\/p>\n","protected":false},"author":1,"featured_media":2313,"parent":6382,"menu_order":0,"comment_status":"closed","ping_status":"closed","template":"","meta":{"_acf_changed":false,"_joinchat":[],"footnotes":""},"tags":[],"class_list":["post-6435","page","type-page","status-publish","has-post-thumbnail","hentry"],"acf":[],"yoast_head":"<!-- This site is optimized with the Yoast SEO plugin v24.2 - https:\/\/yoast.com\/wordpress\/plugins\/seo\/ -->\n<title>Bah\u00eda Concha - Boats4U<\/title>\n<meta name=\"robots\" content=\"index, follow, max-snippet:-1, max-image-preview:large, max-video-preview:-1\" \/>\n<link rel=\"canonical\" href=\"https:\/\/www.boats4u.co\/en\/santa-marta\/destinations-in-santa-marta\/bahia-concha\/\" \/>\n<meta property=\"og:locale\" content=\"en_US\" \/>\n<meta property=\"og:type\" content=\"article\" \/>\n<meta property=\"og:title\" content=\"Bah\u00eda Concha - Boats4U\" \/>\n<meta property=\"og:description\" content=\"A Serene Retreat on Colombia&#039;s Caribbean Coast. Its turquoise waters and white sand invite you to relax. Practice snorkeling, enjoy a beach picnic, or explore the nearby trails. A peaceful getaway to connect with nature and rejuvenate.\" \/>\n<meta property=\"og:url\" content=\"https:\/\/www.boats4u.co\/en\/santa-marta\/destinations-in-santa-marta\/bahia-concha\/\" \/>\n<meta property=\"og:site_name\" content=\"Boats4U\" \/>\n<meta property=\"article:publisher\" content=\"https:\/\/www.facebook.com\/Boats4U\" \/>\n<meta property=\"article:modified_time\" content=\"2024-12-28T05:19:38+00:00\" \/>\n<meta property=\"og:image\" content=\"https:\/\/t-boats4u.vectorialgroup.com\/wp-content\/uploads\/2023\/02\/Bahia_Concha_Boats4u.jpg\" \/>\n\t<meta property=\"og:image:width\" content=\"406\" \/>\n\t<meta property=\"og:image:height\" content=\"308\" \/>\n\t<meta property=\"og:image:type\" content=\"image\/jpeg\" \/>\n<meta name=\"twitter:card\" content=\"summary_large_image\" \/>\n<meta name=\"twitter:label1\" content=\"Est. reading time\" \/>\n\t<meta name=\"twitter:data1\" content=\"1 minute\" \/>\n<script type=\"application\/ld+json\" class=\"yoast-schema-graph\">{\"@context\":\"https:\/\/schema.org\",\"@graph\":[{\"@type\":\"WebPage\",\"@id\":\"https:\/\/www.boats4u.co\/en\/santa-marta\/destinations-in-santa-marta\/bahia-concha\/\",\"url\":\"https:\/\/www.boats4u.co\/en\/santa-marta\/destinations-in-santa-marta\/bahia-concha\/\",\"name\":\"Bah\u00eda Concha - Boats4U\",\"isPartOf\":{\"@id\":\"https:\/\/www.boats4u.co\/en\/#website\"},\"primaryImageOfPage\":{\"@id\":\"https:\/\/www.boats4u.co\/en\/santa-marta\/destinations-in-santa-marta\/bahia-concha\/#primaryimage\"},\"image\":{\"@id\":\"https:\/\/www.boats4u.co\/en\/santa-marta\/destinations-in-santa-marta\/bahia-concha\/#primaryimage\"},\"thumbnailUrl\":\"https:\/\/www.boats4u.co\/wp-content\/uploads\/2023\/02\/Bahia_Concha_Boats4u.jpg\",\"datePublished\":\"2024-11-18T14:48:57+00:00\",\"dateModified\":\"2024-12-28T05:19:38+00:00\",\"breadcrumb\":{\"@id\":\"https:\/\/www.boats4u.co\/en\/santa-marta\/destinations-in-santa-marta\/bahia-concha\/#breadcrumb\"},\"inLanguage\":\"en-US\",\"potentialAction\":[{\"@type\":\"ReadAction\",\"target\":[\"https:\/\/www.boats4u.co\/en\/santa-marta\/destinations-in-santa-marta\/bahia-concha\/\"]}]},{\"@type\":\"ImageObject\",\"inLanguage\":\"en-US\",\"@id\":\"https:\/\/www.boats4u.co\/en\/santa-marta\/destinations-in-santa-marta\/bahia-concha\/#primaryimage\",\"url\":\"https:\/\/www.boats4u.co\/wp-content\/uploads\/2023\/02\/Bahia_Concha_Boats4u.jpg\",\"contentUrl\":\"https:\/\/www.boats4u.co\/wp-content\/uploads\/2023\/02\/Bahia_Concha_Boats4u.jpg\",\"width\":406,\"height\":308},{\"@type\":\"BreadcrumbList\",\"@id\":\"https:\/\/www.boats4u.co\/en\/santa-marta\/destinations-in-santa-marta\/bahia-concha\/#breadcrumb\",\"itemListElement\":[{\"@type\":\"ListItem\",\"position\":1,\"name\":\"Home\",\"item\":\"https:\/\/www.boats4u.co\/en\/\"},{\"@type\":\"ListItem\",\"position\":2,\"name\":\"Santa Marta\",\"item\":\"https:\/\/www.boats4u.co\/en\/santa-marta\/\"},{\"@type\":\"ListItem\",\"position\":3,\"name\":\"Destinations in Santa Marta\",\"item\":\"https:\/\/www.boats4u.co\/en\/santa-marta\/destinations-in-santa-marta\/\"},{\"@type\":\"ListItem\",\"position\":4,\"name\":\"Bah\u00eda Concha\"}]},{\"@type\":\"WebSite\",\"@id\":\"https:\/\/www.boats4u.co\/en\/#website\",\"url\":\"https:\/\/www.boats4u.co\/en\/\",\"name\":\"Boats4U\",\"description\":\"Alquiler de yates, botes y lanchas en Cartagena, Santa Marta y San Andr\u00e9s. Te ofrecemos los mejores planes y paseos brind\u00e1ndote la oportunidad de vivir experiencias \u00fanicas en playas, Islas del Rosario, Isla Grande, Isla Chol\u00f3n, Playa Blanca y alta mar, con el alquiler de yates, botes. Junto a tus amigos y familia podr\u00e1s disfrutar de toda la la belleza y la magia del caribe. Encuentra qu\u00e9 hacer con Boats4U.\",\"publisher\":{\"@id\":\"https:\/\/www.boats4u.co\/en\/#organization\"},\"potentialAction\":[{\"@type\":\"SearchAction\",\"target\":{\"@type\":\"EntryPoint\",\"urlTemplate\":\"https:\/\/www.boats4u.co\/en\/?s={search_term_string}\"},\"query-input\":{\"@type\":\"PropertyValueSpecification\",\"valueRequired\":true,\"valueName\":\"search_term_string\"}}],\"inLanguage\":\"en-US\"},{\"@type\":\"Organization\",\"@id\":\"https:\/\/www.boats4u.co\/en\/#organization\",\"name\":\"Boats4U\",\"url\":\"https:\/\/www.boats4u.co\/en\/\",\"logo\":{\"@type\":\"ImageObject\",\"inLanguage\":\"en-US\",\"@id\":\"https:\/\/www.boats4u.co\/en\/#\/schema\/logo\/image\/\",\"url\":\"https:\/\/www.boats4u.co\/wp-content\/uploads\/2024\/02\/boats4u_logo.png\",\"contentUrl\":\"https:\/\/www.boats4u.co\/wp-content\/uploads\/2024\/02\/boats4u_logo.png\",\"width\":790,\"height\":790,\"caption\":\"Boats4U\"},\"image\":{\"@id\":\"https:\/\/www.boats4u.co\/en\/#\/schema\/logo\/image\/\"},\"sameAs\":[\"https:\/\/www.facebook.com\/Boats4U\",\"https:\/\/www.instagram.com\/boats4u.co\/?hl=es\",\"https:\/\/www.tiktok.com\/@boats4u\"]}]}<\/script>\n<!-- \/ Yoast SEO plugin. -->","yoast_head_json":{"title":"Bah\u00eda Concha - Boats4U","robots":{"index":"index","follow":"follow","max-snippet":"max-snippet:-1","max-image-preview":"max-image-preview:large","max-video-preview":"max-video-preview:-1"},"canonical":"https:\/\/www.boats4u.co\/en\/santa-marta\/destinations-in-santa-marta\/bahia-concha\/","og_locale":"en_US","og_type":"article","og_title":"Bah\u00eda Concha - Boats4U","og_description":"A Serene Retreat on Colombia's Caribbean Coast. Its turquoise waters and white sand invite you to relax. Practice snorkeling, enjoy a beach picnic, or explore the nearby trails. A peaceful getaway to connect with nature and rejuvenate.","og_url":"https:\/\/www.boats4u.co\/en\/santa-marta\/destinations-in-santa-marta\/bahia-concha\/","og_site_name":"Boats4U","article_publisher":"https:\/\/www.facebook.com\/Boats4U","article_modified_time":"2024-12-28T05:19:38+00:00","og_image":[{"width":406,"height":308,"url":"https:\/\/t-boats4u.vectorialgroup.com\/wp-content\/uploads\/2023\/02\/Bahia_Concha_Boats4u.jpg","type":"image\/jpeg"}],"twitter_card":"summary_large_image","twitter_misc":{"Est. reading time":"1 minute"},"schema":{"@context":"https:\/\/schema.org","@graph":[{"@type":"WebPage","@id":"https:\/\/www.boats4u.co\/en\/santa-marta\/destinations-in-santa-marta\/bahia-concha\/","url":"https:\/\/www.boats4u.co\/en\/santa-marta\/destinations-in-santa-marta\/bahia-concha\/","name":"Bah\u00eda Concha - Boats4U","isPartOf":{"@id":"https:\/\/www.boats4u.co\/en\/#website"},"primaryImageOfPage":{"@id":"https:\/\/www.boats4u.co\/en\/santa-marta\/destinations-in-santa-marta\/bahia-concha\/#primaryimage"},"image":{"@id":"https:\/\/www.boats4u.co\/en\/santa-marta\/destinations-in-santa-marta\/bahia-concha\/#primaryimage"},"thumbnailUrl":"https:\/\/www.boats4u.co\/wp-content\/uploads\/2023\/02\/Bahia_Concha_Boats4u.jpg","datePublished":"2024-11-18T14:48:57+00:00","dateModified":"2024-12-28T05:19:38+00:00","breadcrumb":{"@id":"https:\/\/www.boats4u.co\/en\/santa-marta\/destinations-in-santa-marta\/bahia-concha\/#breadcrumb"},"inLanguage":"en-US","potentialAction":[{"@type":"ReadAction","target":["https:\/\/www.boats4u.co\/en\/santa-marta\/destinations-in-santa-marta\/bahia-concha\/"]}]},{"@type":"ImageObject","inLanguage":"en-US","@id":"https:\/\/www.boats4u.co\/en\/santa-marta\/destinations-in-santa-marta\/bahia-concha\/#primaryimage","url":"https:\/\/www.boats4u.co\/wp-content\/uploads\/2023\/02\/Bahia_Concha_Boats4u.jpg","contentUrl":"https:\/\/www.boats4u.co\/wp-content\/uploads\/2023\/02\/Bahia_Concha_Boats4u.jpg","width":406,"height":308},{"@type":"BreadcrumbList","@id":"https:\/\/www.boats4u.co\/en\/santa-marta\/destinations-in-santa-marta\/bahia-concha\/#breadcrumb","itemListElement":[{"@type":"ListItem","position":1,"name":"Home","item":"https:\/\/www.boats4u.co\/en\/"},{"@type":"ListItem","position":2,"name":"Santa Marta","item":"https:\/\/www.boats4u.co\/en\/santa-marta\/"},{"@type":"ListItem","position":3,"name":"Destinations in Santa Marta","item":"https:\/\/www.boats4u.co\/en\/santa-marta\/destinations-in-santa-marta\/"},{"@type":"ListItem","position":4,"name":"Bah\u00eda Concha"}]},{"@type":"WebSite","@id":"https:\/\/www.boats4u.co\/en\/#website","url":"https:\/\/www.boats4u.co\/en\/","name":"Boats4U","description":"Alquiler de yates, botes y lanchas en Cartagena, Santa Marta y San Andr\u00e9s. Te ofrecemos los mejores planes y paseos brind\u00e1ndote la oportunidad de vivir experiencias \u00fanicas en playas, Islas del Rosario, Isla Grande, Isla Chol\u00f3n, Playa Blanca y alta mar, con el alquiler de yates, botes. Junto a tus amigos y familia podr\u00e1s disfrutar de toda la la belleza y la magia del caribe. Encuentra qu\u00e9 hacer con Boats4U.","publisher":{"@id":"https:\/\/www.boats4u.co\/en\/#organization"},"potentialAction":[{"@type":"SearchAction","target":{"@type":"EntryPoint","urlTemplate":"https:\/\/www.boats4u.co\/en\/?s={search_term_string}"},"query-input":{"@type":"PropertyValueSpecification","valueRequired":true,"valueName":"search_term_string"}}],"inLanguage":"en-US"},{"@type":"Organization","@id":"https:\/\/www.boats4u.co\/en\/#organization","name":"Boats4U","url":"https:\/\/www.boats4u.co\/en\/","logo":{"@type":"ImageObject","inLanguage":"en-US","@id":"https:\/\/www.boats4u.co\/en\/#\/schema\/logo\/image\/","url":"https:\/\/www.boats4u.co\/wp-content\/uploads\/2024\/02\/boats4u_logo.png","contentUrl":"https:\/\/www.boats4u.co\/wp-content\/uploads\/2024\/02\/boats4u_logo.png","width":790,"height":790,"caption":"Boats4U"},"image":{"@id":"https:\/\/www.boats4u.co\/en\/#\/schema\/logo\/image\/"},"sameAs":["https:\/\/www.facebook.com\/Boats4U","https:\/\/www.instagram.com\/boats4u.co\/?hl=es","https:\/\/www.tiktok.com\/@boats4u"]}]}},"_links":{"self":[{"href":"https:\/\/www.boats4u.co\/en\/wp-json\/wp\/v2\/pages\/6435","targetHints":{"allow":["GET"]}}],"collection":[{"href":"https:\/\/www.boats4u.co\/en\/wp-json\/wp\/v2\/pages"}],"about":[{"href":"https:\/\/www.boats4u.co\/en\/wp-json\/wp\/v2\/types\/page"}],"author":[{"embeddable":true,"href":"https:\/\/www.boats4u.co\/en\/wp-json\/wp\/v2\/users\/1"}],"replies":[{"embeddable":true,"href":"https:\/\/www.boats4u.co\/en\/wp-json\/wp\/v2\/comments?post=6435"}],"version-history":[{"count":4,"href":"https:\/\/www.boats4u.co\/en\/wp-json\/wp\/v2\/pages\/6435\/revisions"}],"predecessor-version":[{"id":8119,"href":"https:\/\/www.boats4u.co\/en\/wp-json\/wp\/v2\/pages\/6435\/revisions\/8119"}],"up":[{"embeddable":true,"href":"https:\/\/www.boats4u.co\/en\/wp-json\/wp\/v2\/pages\/6382"}],"wp:featuredmedia":[{"embeddable":true,"href":"https:\/\/www.boats4u.co\/en\/wp-json\/wp\/v2\/media\/2313"}],"wp:attachment":[{"href":"https:\/\/www.boats4u.co\/en\/wp-json\/wp\/v2\/media?parent=6435"}],"wp:term":[{"taxonomy":"post_tag","embeddable":true,"href":"https:\/\/www.boats4u.co\/en\/wp-json\/wp\/v2\/tags?post=6435"}],"curies":[{"name":"wp","href":"https:\/\/api.w.org\/{rel}","templated":true}]}}