{"id":6785,"date":"2024-12-08T17:16:50","date_gmt":"2024-12-08T17:16:50","guid":{"rendered":"https:\/\/www.boats4u.co\/cartagena\/things-to-do-in-cartagena-must-do-activities-and-plans\/"},"modified":"2024-12-28T05:17:53","modified_gmt":"2024-12-28T05:17:53","slug":"things-to-do-in-cartagena-must-do-activities-and-plans","status":"publish","type":"page","link":"https:\/\/www.boats4u.co\/en\/cartagena\/things-to-do-in-cartagena-must-do-activities-and-plans\/","title":{"rendered":"Things to do in Cartagena: must-do activities and plans"},"content":{"rendered":"<section\n  class=\" \"\n  id=\"\"\n  style=\"padding: 0;margin: 0;background-color: white;border: none\"\n>\n  <!-- <details> \/ <div> - start -->\n  <div class=\"\" style=\"\">   \n  <!-- title -->\n  \n    \n    <div class=\"main-content-class \">  <div class=\"block_header_title centered w-bcg-image\" style=\"background-image: url(https:\/\/www.boats4u.co\/wp-content\/uploads\/2024\/12\/header_cartagena.webp)\">\n          <nav class=\"vs_breadcrumb\"><a href=\"https:\/\/www.boats4u.co\/en\/\">Home<\/a><\/nav>                <div class=\"title_container  title-theme : Defecto\" style=\"\">\n    <h1 class=\"extra-bold font-size-lg white_color \" style=\"\"\">Things to do in Cartagena: must-do activities and plans<\/h1>          <\/div>\n            <div class=\"overlay\"><\/div>\n  <\/div>  \n    <\/div> <!-- main-content-class -->\n  <!-- <\/details> \/ <\/div> - ends -->\n  <\/div><\/section>\n\n\n<section\n  class=\"vsblock_blog_list \"\n  id=\"\"\n  style=\"padding: 4rem 6rem;margin: 0;background-color: white;border: none\"\n>\n  <!-- <details> \/ <div> - start -->\n  <div class=\"\" style=\"\">   \n  <!-- title -->\n      <div class=\"flex flex-col  \">\n                      <!-- END title -->\n        \n\n        \n    <\/div>\n  \n    \n    <div class=\"main-content-class \">  <div id=\"images-wrapper\"> \n                                                  \n                  <div class=\"blog-card\">\n                      <a href=\"https:\/\/www.boats4u.co\/en\/3-spots-in-cartagena-perfect-for-snorkeling-in-luxury-boats\/\">\n                          <img loading=\"lazy\" decoding=\"async\" width=\"390\" height=\"200\" src=\"https:\/\/www.boats4u.co\/wp-content\/uploads\/2025\/01\/snorkel-luxury-boats-390w4.jpg\" class=\"attachment-post-thumbnail size-post-thumbnail wp-post-image\" alt=\"Snorkeling Cartagena\" srcset=\"https:\/\/www.boats4u.co\/wp-content\/uploads\/2025\/01\/snorkel-luxury-boats-390w4.jpg 390w, https:\/\/www.boats4u.co\/wp-content\/uploads\/2025\/01\/snorkel-luxury-boats-390w4-300x154.jpg 300w\" sizes=\"auto, (max-width: 390px) 100vw, 390px\" \/>                          <div class=\"title_section\">\n                              <h3>3 spots in Cartagena perfect for snorkeling in luxury boats<\/h3>\n                              <!-- <div class=\"city\"><\/div> -->\n                          <\/div>\n                          <div class=\"overlay\"><\/div>\n                      <\/a>                      \n                  <\/div>\n                                            \n                  <div class=\"blog-card\">\n                      <a href=\"https:\/\/www.boats4u.co\/en\/top-beaches-you-should-visit-during-your-summer-in-cartagena\/\">\n                          <img loading=\"lazy\" decoding=\"async\" width=\"1024\" height=\"664\" src=\"https:\/\/www.boats4u.co\/wp-content\/uploads\/2024\/12\/Hotel_Aura_Baru_2.webp\" class=\"attachment-post-thumbnail size-post-thumbnail wp-post-image\" alt=\"Hotel Aura en Bar\u00fa\" srcset=\"https:\/\/www.boats4u.co\/wp-content\/uploads\/2024\/12\/Hotel_Aura_Baru_2.webp 1024w, https:\/\/www.boats4u.co\/wp-content\/uploads\/2024\/12\/Hotel_Aura_Baru_2-300x195.webp 300w, https:\/\/www.boats4u.co\/wp-content\/uploads\/2024\/12\/Hotel_Aura_Baru_2-768x498.webp 768w, https:\/\/www.boats4u.co\/wp-content\/uploads\/2024\/12\/Hotel_Aura_Baru_2-630x408.webp 630w\" sizes=\"auto, (max-width: 1024px) 100vw, 1024px\" \/>                          <div class=\"title_section\">\n                              <h3>Top beaches you should visit during your summer in Cartagena<\/h3>\n                              <!-- <div class=\"city\"><\/div> -->\n                          <\/div>\n                          <div class=\"overlay\"><\/div>\n                      <\/a>                      \n                  <\/div>\n                                            \n                  <div class=\"blog-card\">\n                      <a href=\"https:\/\/www.boats4u.co\/en\/cartagena-a-dream-city-for-romance\/\">\n                          <img loading=\"lazy\" decoding=\"async\" width=\"383\" height=\"255\" src=\"https:\/\/www.boats4u.co\/wp-content\/uploads\/2025\/01\/romantic-cartagena-sunset-383w4.jpg\" class=\"attachment-post-thumbnail size-post-thumbnail wp-post-image\" alt=\"Romantic plan in boat in Cartagena\" srcset=\"https:\/\/www.boats4u.co\/wp-content\/uploads\/2025\/01\/romantic-cartagena-sunset-383w4.jpg 383w, https:\/\/www.boats4u.co\/wp-content\/uploads\/2025\/01\/romantic-cartagena-sunset-383w4-300x200.jpg 300w\" sizes=\"auto, (max-width: 383px) 100vw, 383px\" \/>                          <div class=\"title_section\">\n                              <h3>Cartagena: a dream city for romance<\/h3>\n                              <!-- <div class=\"city\"><\/div> -->\n                          <\/div>\n                          <div class=\"overlay\"><\/div>\n                      <\/a>                      \n                  <\/div>\n                                            \n                  <div class=\"blog-card\">\n                      <a href=\"https:\/\/www.boats4u.co\/en\/el-rodadero-beach-and-rumba\/\">\n                          <img loading=\"lazy\" decoding=\"async\" width=\"408\" height=\"221\" src=\"https:\/\/www.boats4u.co\/wp-content\/uploads\/2023\/12\/playa-el-rodadero-san-andres.jpg\" class=\"attachment-post-thumbnail size-post-thumbnail wp-post-image\" alt=\"\" srcset=\"https:\/\/www.boats4u.co\/wp-content\/uploads\/2023\/12\/playa-el-rodadero-san-andres.jpg 408w, https:\/\/www.boats4u.co\/wp-content\/uploads\/2023\/12\/playa-el-rodadero-san-andres-300x163.jpg 300w\" sizes=\"auto, (max-width: 408px) 100vw, 408px\" \/>                          <div class=\"title_section\">\n                              <h3>El Rodadero, beach and rumba<\/h3>\n                              <!-- <div class=\"city\"><\/div> -->\n                          <\/div>\n                          <div class=\"overlay\"><\/div>\n                      <\/a>                      \n                  <\/div>\n                                            \n                  <div class=\"blog-card\">\n                      <a href=\"https:\/\/www.boats4u.co\/en\/the-history-of-the-clock-tower\/\">\n                          <img loading=\"lazy\" decoding=\"async\" width=\"408\" height=\"223\" src=\"https:\/\/www.boats4u.co\/wp-content\/uploads\/2023\/12\/torre-del-reloj-cartagena.jpeg\" class=\"attachment-post-thumbnail size-post-thumbnail wp-post-image\" alt=\"\" srcset=\"https:\/\/www.boats4u.co\/wp-content\/uploads\/2023\/12\/torre-del-reloj-cartagena.jpeg 408w, https:\/\/www.boats4u.co\/wp-content\/uploads\/2023\/12\/torre-del-reloj-cartagena-300x164.jpeg 300w\" sizes=\"auto, (max-width: 408px) 100vw, 408px\" \/>                          <div class=\"title_section\">\n                              <h3>The history of the Clock Tower<\/h3>\n                              <!-- <div class=\"city\"><\/div> -->\n                          <\/div>\n                          <div class=\"overlay\"><\/div>\n                      <\/a>                      \n                  <\/div>\n                                            \n                  <div class=\"blog-card\">\n                      <a href=\"https:\/\/www.boats4u.co\/en\/tayrona-park-a-hidden-gem\/\">\n                          <img loading=\"lazy\" decoding=\"async\" width=\"408\" height=\"213\" src=\"https:\/\/www.boats4u.co\/wp-content\/uploads\/2023\/12\/parque-tayrona-santa-marta.jpeg\" class=\"attachment-post-thumbnail size-post-thumbnail wp-post-image\" alt=\"\" srcset=\"https:\/\/www.boats4u.co\/wp-content\/uploads\/2023\/12\/parque-tayrona-santa-marta.jpeg 408w, https:\/\/www.boats4u.co\/wp-content\/uploads\/2023\/12\/parque-tayrona-santa-marta-300x157.jpeg 300w\" sizes=\"auto, (max-width: 408px) 100vw, 408px\" \/>                          <div class=\"title_section\">\n                              <h3>Tayrona Park, a hidden gem<\/h3>\n                              <!-- <div class=\"city\"><\/div> -->\n                          <\/div>\n                          <div class=\"overlay\"><\/div>\n                      <\/a>                      \n                  <\/div>\n                                            \n                  <div class=\"blog-card\">\n                      <a href=\"https:\/\/www.boats4u.co\/en\/gethsemani-and-its-charm\/\">\n                          <img loading=\"lazy\" decoding=\"async\" width=\"1024\" height=\"683\" src=\"https:\/\/www.boats4u.co\/wp-content\/uploads\/2023\/12\/getsamani_2.jpg\" class=\"attachment-post-thumbnail size-post-thumbnail wp-post-image\" alt=\"\" srcset=\"https:\/\/www.boats4u.co\/wp-content\/uploads\/2023\/12\/getsamani_2.jpg 1024w, https:\/\/www.boats4u.co\/wp-content\/uploads\/2023\/12\/getsamani_2-300x200.jpg 300w, https:\/\/www.boats4u.co\/wp-content\/uploads\/2023\/12\/getsamani_2-768x512.jpg 768w\" sizes=\"auto, (max-width: 1024px) 100vw, 1024px\" \/>                          <div class=\"title_section\">\n                              <h3>Gethsemani and its charm<\/h3>\n                              <!-- <div class=\"city\"><\/div> -->\n                          <\/div>\n                          <div class=\"overlay\"><\/div>\n                      <\/a>                      \n                  <\/div>\n                  <\/div>\n    <\/div> <!-- main-content-class -->\n  <!-- <\/details> \/ <\/div> - ends -->\n  <\/div><\/section>\n","protected":false},"excerpt":{"rendered":"","protected":false},"author":1,"featured_media":0,"parent":6263,"menu_order":0,"comment_status":"closed","ping_status":"closed","template":"","meta":{"_acf_changed":false,"_joinchat":[],"footnotes":""},"tags":[],"class_list":["post-6785","page","type-page","status-publish","hentry"],"acf":[],"yoast_head":"<!-- This site is optimized with the Yoast SEO plugin v24.2 - https:\/\/yoast.com\/wordpress\/plugins\/seo\/ -->\n<title>Things to do in Cartagena: must-do activities and plans - Boats4U<\/title>\n<meta name=\"robots\" content=\"index, follow, max-snippet:-1, max-image-preview:large, max-video-preview:-1\" \/>\n<link rel=\"canonical\" href=\"https:\/\/www.boats4u.co\/en\/cartagena\/things-to-do-in-cartagena-must-do-activities-and-plans\/\" \/>\n<meta property=\"og:locale\" content=\"en_US\" \/>\n<meta property=\"og:type\" content=\"article\" \/>\n<meta property=\"og:title\" content=\"Things to do in Cartagena: must-do activities and plans - Boats4U\" \/>\n<meta property=\"og:url\" content=\"https:\/\/www.boats4u.co\/en\/cartagena\/things-to-do-in-cartagena-must-do-activities-and-plans\/\" \/>\n<meta property=\"og:site_name\" content=\"Boats4U\" \/>\n<meta property=\"article:publisher\" content=\"https:\/\/www.facebook.com\/Boats4U\" \/>\n<meta property=\"article:modified_time\" content=\"2024-12-28T05:17:53+00:00\" \/>\n<meta name=\"twitter:card\" content=\"summary_large_image\" \/>\n<script type=\"application\/ld+json\" class=\"yoast-schema-graph\">{\"@context\":\"https:\/\/schema.org\",\"@graph\":[{\"@type\":\"WebPage\",\"@id\":\"https:\/\/www.boats4u.co\/en\/cartagena\/things-to-do-in-cartagena-must-do-activities-and-plans\/\",\"url\":\"https:\/\/www.boats4u.co\/en\/cartagena\/things-to-do-in-cartagena-must-do-activities-and-plans\/\",\"name\":\"Things to do in Cartagena: must-do activities and plans - Boats4U\",\"isPartOf\":{\"@id\":\"https:\/\/www.boats4u.co\/en\/#website\"},\"datePublished\":\"2024-12-08T17:16:50+00:00\",\"dateModified\":\"2024-12-28T05:17:53+00:00\",\"breadcrumb\":{\"@id\":\"https:\/\/www.boats4u.co\/en\/cartagena\/things-to-do-in-cartagena-must-do-activities-and-plans\/#breadcrumb\"},\"inLanguage\":\"en-US\",\"potentialAction\":[{\"@type\":\"ReadAction\",\"target\":[\"https:\/\/www.boats4u.co\/en\/cartagena\/things-to-do-in-cartagena-must-do-activities-and-plans\/\"]}]},{\"@type\":\"BreadcrumbList\",\"@id\":\"https:\/\/www.boats4u.co\/en\/cartagena\/things-to-do-in-cartagena-must-do-activities-and-plans\/#breadcrumb\",\"itemListElement\":[{\"@type\":\"ListItem\",\"position\":1,\"name\":\"Home\",\"item\":\"https:\/\/www.boats4u.co\/en\/\"},{\"@type\":\"ListItem\",\"position\":2,\"name\":\"Cartagena\",\"item\":\"https:\/\/www.boats4u.co\/en\/cartagena\/\"},{\"@type\":\"ListItem\",\"position\":3,\"name\":\"Things to do in Cartagena: must-do activities and plans\"}]},{\"@type\":\"WebSite\",\"@id\":\"https:\/\/www.boats4u.co\/en\/#website\",\"url\":\"https:\/\/www.boats4u.co\/en\/\",\"name\":\"Boats4U\",\"description\":\"Alquiler de yates, botes y lanchas en Cartagena, Santa Marta y San Andr\u00e9s. Te ofrecemos los mejores planes y paseos brind\u00e1ndote la oportunidad de vivir experiencias \u00fanicas en playas, Islas del Rosario, Isla Grande, Isla Chol\u00f3n, Playa Blanca y alta mar, con el alquiler de yates, botes. Junto a tus amigos y familia podr\u00e1s disfrutar de toda la la belleza y la magia del caribe. Encuentra qu\u00e9 hacer con Boats4U.\",\"publisher\":{\"@id\":\"https:\/\/www.boats4u.co\/en\/#organization\"},\"potentialAction\":[{\"@type\":\"SearchAction\",\"target\":{\"@type\":\"EntryPoint\",\"urlTemplate\":\"https:\/\/www.boats4u.co\/en\/?s={search_term_string}\"},\"query-input\":{\"@type\":\"PropertyValueSpecification\",\"valueRequired\":true,\"valueName\":\"search_term_string\"}}],\"inLanguage\":\"en-US\"},{\"@type\":\"Organization\",\"@id\":\"https:\/\/www.boats4u.co\/en\/#organization\",\"name\":\"Boats4U\",\"url\":\"https:\/\/www.boats4u.co\/en\/\",\"logo\":{\"@type\":\"ImageObject\",\"inLanguage\":\"en-US\",\"@id\":\"https:\/\/www.boats4u.co\/en\/#\/schema\/logo\/image\/\",\"url\":\"https:\/\/www.boats4u.co\/wp-content\/uploads\/2024\/02\/boats4u_logo.png\",\"contentUrl\":\"https:\/\/www.boats4u.co\/wp-content\/uploads\/2024\/02\/boats4u_logo.png\",\"width\":790,\"height\":790,\"caption\":\"Boats4U\"},\"image\":{\"@id\":\"https:\/\/www.boats4u.co\/en\/#\/schema\/logo\/image\/\"},\"sameAs\":[\"https:\/\/www.facebook.com\/Boats4U\",\"https:\/\/www.instagram.com\/boats4u.co\/?hl=es\",\"https:\/\/www.tiktok.com\/@boats4u\"]}]}<\/script>\n<!-- \/ Yoast SEO plugin. -->","yoast_head_json":{"title":"Things to do in Cartagena: must-do activities and plans - Boats4U","robots":{"index":"index","follow":"follow","max-snippet":"max-snippet:-1","max-image-preview":"max-image-preview:large","max-video-preview":"max-video-preview:-1"},"canonical":"https:\/\/www.boats4u.co\/en\/cartagena\/things-to-do-in-cartagena-must-do-activities-and-plans\/","og_locale":"en_US","og_type":"article","og_title":"Things to do in Cartagena: must-do activities and plans - Boats4U","og_url":"https:\/\/www.boats4u.co\/en\/cartagena\/things-to-do-in-cartagena-must-do-activities-and-plans\/","og_site_name":"Boats4U","article_publisher":"https:\/\/www.facebook.com\/Boats4U","article_modified_time":"2024-12-28T05:17:53+00:00","twitter_card":"summary_large_image","schema":{"@context":"https:\/\/schema.org","@graph":[{"@type":"WebPage","@id":"https:\/\/www.boats4u.co\/en\/cartagena\/things-to-do-in-cartagena-must-do-activities-and-plans\/","url":"https:\/\/www.boats4u.co\/en\/cartagena\/things-to-do-in-cartagena-must-do-activities-and-plans\/","name":"Things to do in Cartagena: must-do activities and plans - Boats4U","isPartOf":{"@id":"https:\/\/www.boats4u.co\/en\/#website"},"datePublished":"2024-12-08T17:16:50+00:00","dateModified":"2024-12-28T05:17:53+00:00","breadcrumb":{"@id":"https:\/\/www.boats4u.co\/en\/cartagena\/things-to-do-in-cartagena-must-do-activities-and-plans\/#breadcrumb"},"inLanguage":"en-US","potentialAction":[{"@type":"ReadAction","target":["https:\/\/www.boats4u.co\/en\/cartagena\/things-to-do-in-cartagena-must-do-activities-and-plans\/"]}]},{"@type":"BreadcrumbList","@id":"https:\/\/www.boats4u.co\/en\/cartagena\/things-to-do-in-cartagena-must-do-activities-and-plans\/#breadcrumb","itemListElement":[{"@type":"ListItem","position":1,"name":"Home","item":"https:\/\/www.boats4u.co\/en\/"},{"@type":"ListItem","position":2,"name":"Cartagena","item":"https:\/\/www.boats4u.co\/en\/cartagena\/"},{"@type":"ListItem","position":3,"name":"Things to do in Cartagena: must-do activities and plans"}]},{"@type":"WebSite","@id":"https:\/\/www.boats4u.co\/en\/#website","url":"https:\/\/www.boats4u.co\/en\/","name":"Boats4U","description":"Alquiler de yates, botes y lanchas en Cartagena, Santa Marta y San Andr\u00e9s. Te ofrecemos los mejores planes y paseos brind\u00e1ndote la oportunidad de vivir experiencias \u00fanicas en playas, Islas del Rosario, Isla Grande, Isla Chol\u00f3n, Playa Blanca y alta mar, con el alquiler de yates, botes. Junto a tus amigos y familia podr\u00e1s disfrutar de toda la la belleza y la magia del caribe. Encuentra qu\u00e9 hacer con Boats4U.","publisher":{"@id":"https:\/\/www.boats4u.co\/en\/#organization"},"potentialAction":[{"@type":"SearchAction","target":{"@type":"EntryPoint","urlTemplate":"https:\/\/www.boats4u.co\/en\/?s={search_term_string}"},"query-input":{"@type":"PropertyValueSpecification","valueRequired":true,"valueName":"search_term_string"}}],"inLanguage":"en-US"},{"@type":"Organization","@id":"https:\/\/www.boats4u.co\/en\/#organization","name":"Boats4U","url":"https:\/\/www.boats4u.co\/en\/","logo":{"@type":"ImageObject","inLanguage":"en-US","@id":"https:\/\/www.boats4u.co\/en\/#\/schema\/logo\/image\/","url":"https:\/\/www.boats4u.co\/wp-content\/uploads\/2024\/02\/boats4u_logo.png","contentUrl":"https:\/\/www.boats4u.co\/wp-content\/uploads\/2024\/02\/boats4u_logo.png","width":790,"height":790,"caption":"Boats4U"},"image":{"@id":"https:\/\/www.boats4u.co\/en\/#\/schema\/logo\/image\/"},"sameAs":["https:\/\/www.facebook.com\/Boats4U","https:\/\/www.instagram.com\/boats4u.co\/?hl=es","https:\/\/www.tiktok.com\/@boats4u"]}]}},"_links":{"self":[{"href":"https:\/\/www.boats4u.co\/en\/wp-json\/wp\/v2\/pages\/6785","targetHints":{"allow":["GET"]}}],"collection":[{"href":"https:\/\/www.boats4u.co\/en\/wp-json\/wp\/v2\/pages"}],"about":[{"href":"https:\/\/www.boats4u.co\/en\/wp-json\/wp\/v2\/types\/page"}],"author":[{"embeddable":true,"href":"https:\/\/www.boats4u.co\/en\/wp-json\/wp\/v2\/users\/1"}],"replies":[{"embeddable":true,"href":"https:\/\/www.boats4u.co\/en\/wp-json\/wp\/v2\/comments?post=6785"}],"version-history":[{"count":2,"href":"https:\/\/www.boats4u.co\/en\/wp-json\/wp\/v2\/pages\/6785\/revisions"}],"predecessor-version":[{"id":8110,"href":"https:\/\/www.boats4u.co\/en\/wp-json\/wp\/v2\/pages\/6785\/revisions\/8110"}],"up":[{"embeddable":true,"href":"https:\/\/www.boats4u.co\/en\/wp-json\/wp\/v2\/pages\/6263"}],"wp:attachment":[{"href":"https:\/\/www.boats4u.co\/en\/wp-json\/wp\/v2\/media?parent=6785"}],"wp:term":[{"taxonomy":"post_tag","embeddable":true,"href":"https:\/\/www.boats4u.co\/en\/wp-json\/wp\/v2\/tags?post=6785"}],"curies":[{"name":"wp","href":"https:\/\/api.w.org\/{rel}","templated":true}]}}