{"id":8077,"date":"2024-12-23T01:32:44","date_gmt":"2024-12-23T01:32:44","guid":{"rendered":"http:\/\/192.168.1.20\/plan-your-perfect-day-book-a-boat-or-yacht-in-the-colombian-caribbean\/"},"modified":"2024-12-28T04:51:07","modified_gmt":"2024-12-28T04:51:07","slug":"plan-your-perfect-day-book-a-boat-or-yacht-in-the-colombian-caribbean","status":"publish","type":"page","link":"https:\/\/www.boats4u.co\/en\/plan-your-perfect-day-book-a-boat-or-yacht-in-the-colombian-caribbean\/","title":{"rendered":"Plan your perfect day: Book a boat or yacht in the Colombian Caribbean."},"content":{"rendered":"<section\n  class=\" \"\n  id=\"\"\n  style=\"padding: 0;margin: 0;background-color: var(--primary);border: none\"\n>\n  <!-- <details> \/ <div> - start -->\n  <div class=\"\" style=\"\">   \n  <!-- title -->\n  \n    \n    <div class=\"main-content-class \">  <div class=\"block_header_title default w-bcg-image\" style=\"background-image: url(https:\/\/www.boats4u.co\/wp-content\/uploads\/2024\/12\/Isla_Grande_2.jpg)\">\n          <nav class=\"vs_breadcrumb\"><a href=\"https:\/\/www.boats4u.co\/en\/\">Home<\/a><\/nav>                <div class=\"title_container  title-theme : Defecto\" style=\"\">\n    <h1 class=\"extra-bold font-size-xxl white_color \" style=\"\"\">Plan your perfect day: Book a boat or yacht in the Colombian Caribbean.<\/h1>          <\/div>\n            <div class=\"overlay\"><\/div>\n  <\/div>  \n    <\/div> <!-- main-content-class -->\n  <!-- <\/details> \/ <\/div> - ends -->\n  <\/div><\/section>\n<section\n  class=\"vsblock_content_link \"\n  id=\"\"\n  style=\"padding: 6rem 8rem;margin: 0;background-color: var(--light_blue_300);border: none\"\n>\n  <!-- <details> \/ <div> - start -->\n  <div class=\"\" style=\"\">   \n  <!-- title -->\n      <div class=\"flex flex-col  \">\n                <div class=\"title_container  mb-4  title-theme title_center\" style=\"\">\n    <h2 class=\" extra-bold font-size-md primary_color \" style=\"\"\">Discover unforgettable experiences in the Caribbean Sea<\/h2>          <\/div>\n        <!-- END title -->\n        \n\n        \n    <\/div>\n  \n    \n    <div class=\"main-content-class font-light\">  <div class=\"layout \">\n    <div style=\"font-size:1.7rem;color:var(--gray_800);\">\n      <p style=\"text-align: center;\">At <strong>Boats4U<\/strong> we transform sailing, the beach and the island into an unforgettable experience. We want you and your family to enjoy the magic and beauty of the Caribbean Sea to the fullest. <\/p>\n<p style=\"text-align: center;\">Choose the perfect plan and the <strong>ideal boat or yacht<\/strong> for your adventure in <strong>Cartagena<\/strong> or <strong>Santa Marta<\/strong>, and get ready to live a day full of fun, comfort and unique moments at sea.<\/p>\n    <\/div>\n      <\/div>\n    <\/div> <!-- main-content-class -->\n  <!-- <\/details> \/ <\/div> - ends -->\n  <\/div><\/section>\n<section\n  class=\"vsblock_card_tour_boat \"\n  id=\"\"\n  style=\"padding: 6rem 4rem;margin: 0;background-color: white;border: none\"\n>\n  <!-- <details> \/ <div> - start -->\n  <div class=\"\" style=\"\">   \n  <!-- title -->\n      <div class=\"flex flex-col  \">\n                <div class=\"title_container   title-theme title_center\" style=\"\">\n    <h2 class=\" bold font-size-md primary_color \" style=\"\"\">Prepare your unique experience at sea<\/h2>          <\/div>\n        <!-- END title -->\n        \n\n              <div class=\"aux-content text-center mb-3 cnt_aux_full_width \">\n          Tell us how you want to live your Caribbean experience: date, passengers and more.        <\/div>\n        \n    <\/div>\n  \n    \n    <div class=\"main-content-class \">\n  <div class=\"booking-form-container\">\n    <form name=\"booking-info\" class=\"booking-form\">\n      <input type=\"hidden\" name=\"action\" value=\"get_boat_suggestions\" \/>\n              <input type=\"hidden\" name=\"tour[]\" value=\"6301\" class=\"required\" \/>\n              <input type=\"hidden\" name=\"tour[]\" value=\"6292\" class=\"required\" \/>\n              <input type=\"hidden\" name=\"tour[]\" value=\"6274\" class=\"required\" \/>\n            <fieldset class=\"group_field_form\">\n        <legend><label for=\"date_reservation\">Date<\/label><\/legend>\n        <input type=\"date\" id=\"date_reservation\" name=\"date_reservation\" \/>\n      <\/fieldset>\n      <fieldset class=\"group_field_form\">\n        <legend><label for=\"pax_reservation\">Passengers<\/label><\/legend>\n        <select name=\"pax_reservation\" id=\"pax_reservation\" class=\"required\">\n          <option value=\"\">&#8212;&#8212;&#8212;-<\/option>\n          <option value=\"1\">1 Passenger<\/option>\n                      <option value=\"2\">2 Passengers<\/option>\n                      <option value=\"3\">3 Passengers<\/option>\n                      <option value=\"4\">4 Passengers<\/option>\n                      <option value=\"5\">5 Passengers<\/option>\n                      <option value=\"6\">6 Passengers<\/option>\n                      <option value=\"7\">7 Passengers<\/option>\n                      <option value=\"8\">8 Passengers<\/option>\n                      <option value=\"9\">9 Passengers<\/option>\n                      <option value=\"10\">10 Passengers<\/option>\n                      <option value=\"11\">11 Passengers<\/option>\n                      <option value=\"12\">12 Passengers<\/option>\n                      <option value=\"13\">13 Passengers<\/option>\n                      <option value=\"14\">14 Passengers<\/option>\n                      <option value=\"15\">15 Passengers<\/option>\n                      <option value=\"16\">16 Passengers<\/option>\n                      <option value=\"17\">17 Passengers<\/option>\n                      <option value=\"18\">18 Passengers<\/option>\n                      <option value=\"19\">19 Passengers<\/option>\n                      <option value=\"20\">20 Passengers<\/option>\n                      <option value=\"21\">21 Passengers<\/option>\n                      <option value=\"22\">22 Passengers<\/option>\n                      <option value=\"23\">23 Passengers<\/option>\n                      <option value=\"24\">24 Passengers<\/option>\n                      <option value=\"25\">25 Passengers<\/option>\n                  <\/select>\n      <\/fieldset>\n      <fieldset class=\"group_field_form\">\n        <legend><label for=\"boat_type\">Tipo de embarcaci\u00f3n<\/label><\/legend>\n        <select name=\"boat_type\" id=\"boat_type\">\n          <option value=\"\">Cualquiera<\/option>\n          <option value=\"boat\">Bote o lancha<\/option>\n          <option value=\"yacht\">Yate<\/option>\n          <option value=\"catamaran\">Catamar\u00e1n<\/option>\n        <\/select>\n      <\/fieldset>  \n      <input type=\"submit\" value=\"Buscar\" \/>    \n    <\/form>\n  <\/div>\n\n\n  <div id=\"booking_suggestions_title_container\">\n    <div class=\"booking_suggestions_title\">\n      Planes y botes recomendado para tu experiencia    <\/div>\n    <div class=\"includes\">\n      <p><strong>Todos nuestros planes incluyen:<\/strong> Embarcaci\u00f3n, piloto y copiloto, combustible, vasos pl\u00e1sticos, nevera con hielo y el impuesto de zarpe.<\/p>\n    <\/div>\n  <\/div>\n\n  <div id=\"booking_suggestions\"><\/div>\n\n\n\n    <\/div> <!-- main-content-class -->\n  <!-- <\/details> \/ <\/div> - ends -->\n  <\/div><\/section>\n<section\n  class=\"vsblock_slider_cards_planes \"\n  id=\"\"\n  style=\"padding: 4rem 6rem;margin: 0;background-color: var(--gray_100);border: none\"\n>\n  <!-- <details> \/ <div> - start -->\n  <div class=\"\" style=\"\">   \n  <!-- title -->\n      <div class=\"flex flex-col  \">\n                <div class=\"title_container   title-theme : Defecto\" style=\"\">\n    <h2 class=\" bold font-size-md primary_color \" style=\"\"\">What our travelers say<\/h2>          <\/div>\n        <!-- END title -->\n        \n\n        \n    <\/div>\n  \n    \n    <div class=\"main-content-class \">  <div data-src=\"https:\/\/cdn.trustindex.io\/loader.js?475127f38002279f1a16aeaf607\"><\/div>    <\/div> <!-- main-content-class -->\n  <!-- <\/details> \/ <\/div> - ends -->\n  <\/div><\/section>\n","protected":false},"excerpt":{"rendered":"","protected":false},"author":1,"featured_media":0,"parent":0,"menu_order":0,"comment_status":"closed","ping_status":"closed","template":"","meta":{"_acf_changed":false,"_joinchat":[],"footnotes":""},"tags":[],"class_list":["post-8077","page","type-page","status-publish","hentry"],"acf":[],"yoast_head":"<!-- This site is optimized with the Yoast SEO plugin v24.2 - https:\/\/yoast.com\/wordpress\/plugins\/seo\/ -->\n<title>Plan your perfect day: Book a boat or yacht in the Colombian Caribbean. - Boats4U<\/title>\n<meta name=\"robots\" content=\"index, follow, max-snippet:-1, max-image-preview:large, max-video-preview:-1\" \/>\n<link rel=\"canonical\" href=\"https:\/\/www.boats4u.co\/en\/plan-your-perfect-day-book-a-boat-or-yacht-in-the-colombian-caribbean\/\" \/>\n<meta property=\"og:locale\" content=\"en_US\" \/>\n<meta property=\"og:type\" content=\"article\" \/>\n<meta property=\"og:title\" content=\"Plan your perfect day: Book a boat or yacht in the Colombian Caribbean. - Boats4U\" \/>\n<meta property=\"og:url\" content=\"https:\/\/www.boats4u.co\/en\/plan-your-perfect-day-book-a-boat-or-yacht-in-the-colombian-caribbean\/\" \/>\n<meta property=\"og:site_name\" content=\"Boats4U\" \/>\n<meta property=\"article:publisher\" content=\"https:\/\/www.facebook.com\/Boats4U\" \/>\n<meta property=\"article:modified_time\" content=\"2024-12-28T04:51:07+00:00\" \/>\n<meta name=\"twitter:card\" content=\"summary_large_image\" \/>\n<script type=\"application\/ld+json\" class=\"yoast-schema-graph\">{\"@context\":\"https:\/\/schema.org\",\"@graph\":[{\"@type\":\"WebPage\",\"@id\":\"https:\/\/www.boats4u.co\/en\/plan-your-perfect-day-book-a-boat-or-yacht-in-the-colombian-caribbean\/\",\"url\":\"https:\/\/www.boats4u.co\/en\/plan-your-perfect-day-book-a-boat-or-yacht-in-the-colombian-caribbean\/\",\"name\":\"Plan your perfect day: Book a boat or yacht in the Colombian Caribbean. - Boats4U\",\"isPartOf\":{\"@id\":\"https:\/\/www.boats4u.co\/en\/#website\"},\"datePublished\":\"2024-12-23T01:32:44+00:00\",\"dateModified\":\"2024-12-28T04:51:07+00:00\",\"breadcrumb\":{\"@id\":\"https:\/\/www.boats4u.co\/en\/plan-your-perfect-day-book-a-boat-or-yacht-in-the-colombian-caribbean\/#breadcrumb\"},\"inLanguage\":\"en-US\",\"potentialAction\":[{\"@type\":\"ReadAction\",\"target\":[\"https:\/\/www.boats4u.co\/en\/plan-your-perfect-day-book-a-boat-or-yacht-in-the-colombian-caribbean\/\"]}]},{\"@type\":\"BreadcrumbList\",\"@id\":\"https:\/\/www.boats4u.co\/en\/plan-your-perfect-day-book-a-boat-or-yacht-in-the-colombian-caribbean\/#breadcrumb\",\"itemListElement\":[{\"@type\":\"ListItem\",\"position\":1,\"name\":\"Home\",\"item\":\"https:\/\/www.boats4u.co\/en\/\"},{\"@type\":\"ListItem\",\"position\":2,\"name\":\"Plan your perfect day: Book a boat or yacht in the Colombian Caribbean.\"}]},{\"@type\":\"WebSite\",\"@id\":\"https:\/\/www.boats4u.co\/en\/#website\",\"url\":\"https:\/\/www.boats4u.co\/en\/\",\"name\":\"Boats4U\",\"description\":\"Alquiler de yates, botes y lanchas en Cartagena, Santa Marta y San Andr\u00e9s. Te ofrecemos los mejores planes y paseos brind\u00e1ndote la oportunidad de vivir experiencias \u00fanicas en playas, Islas del Rosario, Isla Grande, Isla Chol\u00f3n, Playa Blanca y alta mar, con el alquiler de yates, botes. Junto a tus amigos y familia podr\u00e1s disfrutar de toda la la belleza y la magia del caribe. Encuentra qu\u00e9 hacer con Boats4U.\",\"publisher\":{\"@id\":\"https:\/\/www.boats4u.co\/en\/#organization\"},\"potentialAction\":[{\"@type\":\"SearchAction\",\"target\":{\"@type\":\"EntryPoint\",\"urlTemplate\":\"https:\/\/www.boats4u.co\/en\/?s={search_term_string}\"},\"query-input\":{\"@type\":\"PropertyValueSpecification\",\"valueRequired\":true,\"valueName\":\"search_term_string\"}}],\"inLanguage\":\"en-US\"},{\"@type\":\"Organization\",\"@id\":\"https:\/\/www.boats4u.co\/en\/#organization\",\"name\":\"Boats4U\",\"url\":\"https:\/\/www.boats4u.co\/en\/\",\"logo\":{\"@type\":\"ImageObject\",\"inLanguage\":\"en-US\",\"@id\":\"https:\/\/www.boats4u.co\/en\/#\/schema\/logo\/image\/\",\"url\":\"https:\/\/www.boats4u.co\/wp-content\/uploads\/2024\/02\/boats4u_logo.png\",\"contentUrl\":\"https:\/\/www.boats4u.co\/wp-content\/uploads\/2024\/02\/boats4u_logo.png\",\"width\":790,\"height\":790,\"caption\":\"Boats4U\"},\"image\":{\"@id\":\"https:\/\/www.boats4u.co\/en\/#\/schema\/logo\/image\/\"},\"sameAs\":[\"https:\/\/www.facebook.com\/Boats4U\",\"https:\/\/www.instagram.com\/boats4u.co\/?hl=es\",\"https:\/\/www.tiktok.com\/@boats4u\"]}]}<\/script>\n<!-- \/ Yoast SEO plugin. -->","yoast_head_json":{"title":"Plan your perfect day: Book a boat or yacht in the Colombian Caribbean. - Boats4U","robots":{"index":"index","follow":"follow","max-snippet":"max-snippet:-1","max-image-preview":"max-image-preview:large","max-video-preview":"max-video-preview:-1"},"canonical":"https:\/\/www.boats4u.co\/en\/plan-your-perfect-day-book-a-boat-or-yacht-in-the-colombian-caribbean\/","og_locale":"en_US","og_type":"article","og_title":"Plan your perfect day: Book a boat or yacht in the Colombian Caribbean. - Boats4U","og_url":"https:\/\/www.boats4u.co\/en\/plan-your-perfect-day-book-a-boat-or-yacht-in-the-colombian-caribbean\/","og_site_name":"Boats4U","article_publisher":"https:\/\/www.facebook.com\/Boats4U","article_modified_time":"2024-12-28T04:51:07+00:00","twitter_card":"summary_large_image","schema":{"@context":"https:\/\/schema.org","@graph":[{"@type":"WebPage","@id":"https:\/\/www.boats4u.co\/en\/plan-your-perfect-day-book-a-boat-or-yacht-in-the-colombian-caribbean\/","url":"https:\/\/www.boats4u.co\/en\/plan-your-perfect-day-book-a-boat-or-yacht-in-the-colombian-caribbean\/","name":"Plan your perfect day: Book a boat or yacht in the Colombian Caribbean. - Boats4U","isPartOf":{"@id":"https:\/\/www.boats4u.co\/en\/#website"},"datePublished":"2024-12-23T01:32:44+00:00","dateModified":"2024-12-28T04:51:07+00:00","breadcrumb":{"@id":"https:\/\/www.boats4u.co\/en\/plan-your-perfect-day-book-a-boat-or-yacht-in-the-colombian-caribbean\/#breadcrumb"},"inLanguage":"en-US","potentialAction":[{"@type":"ReadAction","target":["https:\/\/www.boats4u.co\/en\/plan-your-perfect-day-book-a-boat-or-yacht-in-the-colombian-caribbean\/"]}]},{"@type":"BreadcrumbList","@id":"https:\/\/www.boats4u.co\/en\/plan-your-perfect-day-book-a-boat-or-yacht-in-the-colombian-caribbean\/#breadcrumb","itemListElement":[{"@type":"ListItem","position":1,"name":"Home","item":"https:\/\/www.boats4u.co\/en\/"},{"@type":"ListItem","position":2,"name":"Plan your perfect day: Book a boat or yacht in the Colombian Caribbean."}]},{"@type":"WebSite","@id":"https:\/\/www.boats4u.co\/en\/#website","url":"https:\/\/www.boats4u.co\/en\/","name":"Boats4U","description":"Alquiler de yates, botes y lanchas en Cartagena, Santa Marta y San Andr\u00e9s. Te ofrecemos los mejores planes y paseos brind\u00e1ndote la oportunidad de vivir experiencias \u00fanicas en playas, Islas del Rosario, Isla Grande, Isla Chol\u00f3n, Playa Blanca y alta mar, con el alquiler de yates, botes. Junto a tus amigos y familia podr\u00e1s disfrutar de toda la la belleza y la magia del caribe. Encuentra qu\u00e9 hacer con Boats4U.","publisher":{"@id":"https:\/\/www.boats4u.co\/en\/#organization"},"potentialAction":[{"@type":"SearchAction","target":{"@type":"EntryPoint","urlTemplate":"https:\/\/www.boats4u.co\/en\/?s={search_term_string}"},"query-input":{"@type":"PropertyValueSpecification","valueRequired":true,"valueName":"search_term_string"}}],"inLanguage":"en-US"},{"@type":"Organization","@id":"https:\/\/www.boats4u.co\/en\/#organization","name":"Boats4U","url":"https:\/\/www.boats4u.co\/en\/","logo":{"@type":"ImageObject","inLanguage":"en-US","@id":"https:\/\/www.boats4u.co\/en\/#\/schema\/logo\/image\/","url":"https:\/\/www.boats4u.co\/wp-content\/uploads\/2024\/02\/boats4u_logo.png","contentUrl":"https:\/\/www.boats4u.co\/wp-content\/uploads\/2024\/02\/boats4u_logo.png","width":790,"height":790,"caption":"Boats4U"},"image":{"@id":"https:\/\/www.boats4u.co\/en\/#\/schema\/logo\/image\/"},"sameAs":["https:\/\/www.facebook.com\/Boats4U","https:\/\/www.instagram.com\/boats4u.co\/?hl=es","https:\/\/www.tiktok.com\/@boats4u"]}]}},"_links":{"self":[{"href":"https:\/\/www.boats4u.co\/en\/wp-json\/wp\/v2\/pages\/8077","targetHints":{"allow":["GET"]}}],"collection":[{"href":"https:\/\/www.boats4u.co\/en\/wp-json\/wp\/v2\/pages"}],"about":[{"href":"https:\/\/www.boats4u.co\/en\/wp-json\/wp\/v2\/types\/page"}],"author":[{"embeddable":true,"href":"https:\/\/www.boats4u.co\/en\/wp-json\/wp\/v2\/users\/1"}],"replies":[{"embeddable":true,"href":"https:\/\/www.boats4u.co\/en\/wp-json\/wp\/v2\/comments?post=8077"}],"version-history":[{"count":1,"href":"https:\/\/www.boats4u.co\/en\/wp-json\/wp\/v2\/pages\/8077\/revisions"}],"predecessor-version":[{"id":8078,"href":"https:\/\/www.boats4u.co\/en\/wp-json\/wp\/v2\/pages\/8077\/revisions\/8078"}],"wp:attachment":[{"href":"https:\/\/www.boats4u.co\/en\/wp-json\/wp\/v2\/media?parent=8077"}],"wp:term":[{"taxonomy":"post_tag","embeddable":true,"href":"https:\/\/www.boats4u.co\/en\/wp-json\/wp\/v2\/tags?post=8077"}],"curies":[{"name":"wp","href":"https:\/\/api.w.org\/{rel}","templated":true}]}}