{"id":8204,"date":"2024-12-28T20:38:23","date_gmt":"2024-12-28T20:38:23","guid":{"rendered":"http:\/\/192.168.1.20\/cancellation-policy\/"},"modified":"2024-12-28T21:33:42","modified_gmt":"2024-12-28T21:33:42","slug":"cancellation-policy","status":"publish","type":"page","link":"https:\/\/www.boats4u.co\/en\/cancellation-policy\/","title":{"rendered":"Cancellation Policy"},"content":{"rendered":"<section\n  class=\" \"\n  id=\"\"\n  style=\"padding: 0;margin: 0;background-color: var(--primary);border: none\"\n>\n  <!-- <details> \/ <div> - start -->\n  <div class=\"\" style=\"\">   \n  <!-- title -->\n  \n    \n    <div class=\"main-content-class \">  <div class=\"block_header_title default\" style=\"\">\n          <nav class=\"vs_breadcrumb\"><a href=\"https:\/\/www.boats4u.co\/en\/\">Home<\/a><\/nav>                <div class=\"title_container  title-theme : Defecto\" style=\"\">\n    <h1 class=\"extra-bold font-size-xxl white_color \" style=\"\"\">Cancellation Policy<\/h1>          <\/div>\n            <div class=\"overlay\"><\/div>\n  <\/div>  \n    <\/div> <!-- main-content-class -->\n  <!-- <\/details> \/ <\/div> - ends -->\n  <\/div><\/section>\n<section\n  class=\"vsblock_content_link \"\n  id=\"\"\n  style=\"padding: 6rem 8rem;margin: 0;background-color: white;border: none\"\n>\n  <!-- <details> \/ <div> - start -->\n  <div class=\"\" style=\"\">   \n  <!-- title -->\n      <div class=\"flex flex-col  \">\n                      <!-- END title -->\n        \n\n        \n    <\/div>\n  \n    \n    <div class=\"main-content-class font-extralight\">  <div class=\"layout two_columns\">\n    <div style=\"color:var(--primary);\">\n      <p>Cancellation, rescheduling and refund policy: <strong>Cancellation:<\/strong><br \/>\n-One month prior to departure: 90% refund of deposit paid.<br \/>\n-Two weeks prior to departure: 80% refund of deposit paid.<br \/>\n-One week prior to departure: 70% refund of deposit paid.<br \/>\n-72 hours prior to departure: 50% refund of deposit paid.<br \/>\n-48 prior to departure: No refund will be made. <strong>Rescheduling:<\/strong><br \/>\n-Two weeks prior to departure: No additional charges for change, but subject to availability.<br \/>\n-Seven days prior to departure: No additional charges for change, but subject to availability.<br \/>\n-72 hours prior to departure: Changes can be made but are subject to availability, a 10% change penalty may apply.<br \/>\n-48 hours prior to departure: Changes can be made but are subject to availability, a 20% change penalty may apply. <strong>Refunds:<\/strong><br \/>\nIn case of any of the following situations, a refund of the total amount of the reservation will be made except for administrative expenses:<br \/>\n&#8211; Trip cancellation due to Dimar restriction in navigation.<br \/>\n&#8211; Trip cancellation due to extreme weather that may endanger the safety of passengers.<\/p>\n    <\/div>\n          <div class=\"col-b\">         \n        <img loading=\"lazy\" decoding=\"async\" width=\"400\" height=\"300\" src=\"https:\/\/www.boats4u.co\/wp-content\/uploads\/2024\/12\/equipo_boats4u-400x300.jpeg\" class=\"attachment-custom-400x300 size-custom-400x300 wp-post-image\" alt=\"Boats4U Team\" srcset=\"https:\/\/www.boats4u.co\/wp-content\/uploads\/2024\/12\/equipo_boats4u-400x300.jpeg 400w, https:\/\/www.boats4u.co\/wp-content\/uploads\/2024\/12\/equipo_boats4u-630x472.jpeg 630w\" sizes=\"auto, (max-width: 400px) 100vw, 400px\" \/>                  <h3>Conoce m\u00e1s<\/h3>\n          <ul>\n                          <li><a href=\"http:\/\/192.168.1.20\/sobre-nosotros\/\">Sobre nosotros<\/a><\/li>\n                          <li><a href=\"http:\/\/192.168.1.20\/terminos-y-condiciones\/\">T\u00e9rminos y condiciones<\/a><\/li>\n                          <li><a href=\"http:\/\/192.168.1.20\/politica-de-privacidad\/\">Pol\u00edtica de privacidad<\/a><\/li>\n                          <li><a href=\"http:\/\/192.168.1.20\/seguros\/\">Seguros<\/a><\/li>\n                          <li><a href=\"http:\/\/192.168.1.20\/politica-de-cancelacion\/\">Pol\u00edtica de cancelaci\u00f3n<\/a><\/li>\n                      <\/ul>\n              <\/div>\n      <\/div>\n    <\/div> <!-- main-content-class -->\n  <!-- <\/details> \/ <\/div> - ends -->\n  <\/div><\/section>\n","protected":false},"excerpt":{"rendered":"","protected":false},"author":1,"featured_media":8186,"parent":0,"menu_order":0,"comment_status":"closed","ping_status":"closed","template":"","meta":{"_acf_changed":false,"_joinchat":[],"footnotes":""},"tags":[],"class_list":["post-8204","page","type-page","status-publish","has-post-thumbnail","hentry"],"acf":[],"yoast_head":"<!-- This site is optimized with the Yoast SEO plugin v24.2 - https:\/\/yoast.com\/wordpress\/plugins\/seo\/ -->\n<title>Cancellation Policy - Boats4U<\/title>\n<meta name=\"robots\" content=\"index, follow, max-snippet:-1, max-image-preview:large, max-video-preview:-1\" \/>\n<link rel=\"canonical\" href=\"https:\/\/www.boats4u.co\/en\/cancellation-policy\/\" \/>\n<meta property=\"og:locale\" content=\"en_US\" \/>\n<meta property=\"og:type\" content=\"article\" \/>\n<meta property=\"og:title\" content=\"Cancellation Policy - Boats4U\" \/>\n<meta property=\"og:url\" content=\"https:\/\/www.boats4u.co\/en\/cancellation-policy\/\" \/>\n<meta property=\"og:site_name\" content=\"Boats4U\" \/>\n<meta property=\"article:publisher\" content=\"https:\/\/www.facebook.com\/Boats4U\" \/>\n<meta property=\"article:modified_time\" content=\"2024-12-28T21:33:42+00:00\" \/>\n<meta property=\"og:image\" content=\"https:\/\/www.boats4u.co\/wp-content\/uploads\/2024\/12\/equipo_boats4u.jpeg\" \/>\n\t<meta property=\"og:image:width\" content=\"1600\" \/>\n\t<meta property=\"og:image:height\" content=\"1338\" \/>\n\t<meta property=\"og:image:type\" content=\"image\/jpeg\" \/>\n<meta name=\"twitter:card\" content=\"summary_large_image\" \/>\n<script type=\"application\/ld+json\" class=\"yoast-schema-graph\">{\"@context\":\"https:\/\/schema.org\",\"@graph\":[{\"@type\":\"WebPage\",\"@id\":\"https:\/\/www.boats4u.co\/en\/cancellation-policy\/\",\"url\":\"https:\/\/www.boats4u.co\/en\/cancellation-policy\/\",\"name\":\"Cancellation Policy - Boats4U\",\"isPartOf\":{\"@id\":\"https:\/\/www.boats4u.co\/en\/#website\"},\"primaryImageOfPage\":{\"@id\":\"https:\/\/www.boats4u.co\/en\/cancellation-policy\/#primaryimage\"},\"image\":{\"@id\":\"https:\/\/www.boats4u.co\/en\/cancellation-policy\/#primaryimage\"},\"thumbnailUrl\":\"https:\/\/www.boats4u.co\/wp-content\/uploads\/2024\/12\/equipo_boats4u.jpeg\",\"datePublished\":\"2024-12-28T20:38:23+00:00\",\"dateModified\":\"2024-12-28T21:33:42+00:00\",\"breadcrumb\":{\"@id\":\"https:\/\/www.boats4u.co\/en\/cancellation-policy\/#breadcrumb\"},\"inLanguage\":\"en-US\",\"potentialAction\":[{\"@type\":\"ReadAction\",\"target\":[\"https:\/\/www.boats4u.co\/en\/cancellation-policy\/\"]}]},{\"@type\":\"ImageObject\",\"inLanguage\":\"en-US\",\"@id\":\"https:\/\/www.boats4u.co\/en\/cancellation-policy\/#primaryimage\",\"url\":\"https:\/\/www.boats4u.co\/wp-content\/uploads\/2024\/12\/equipo_boats4u.jpeg\",\"contentUrl\":\"https:\/\/www.boats4u.co\/wp-content\/uploads\/2024\/12\/equipo_boats4u.jpeg\",\"width\":1600,\"height\":1338,\"caption\":\"Boats4U Team\"},{\"@type\":\"BreadcrumbList\",\"@id\":\"https:\/\/www.boats4u.co\/en\/cancellation-policy\/#breadcrumb\",\"itemListElement\":[{\"@type\":\"ListItem\",\"position\":1,\"name\":\"Home\",\"item\":\"https:\/\/www.boats4u.co\/en\/\"},{\"@type\":\"ListItem\",\"position\":2,\"name\":\"Cancellation Policy\"}]},{\"@type\":\"WebSite\",\"@id\":\"https:\/\/www.boats4u.co\/en\/#website\",\"url\":\"https:\/\/www.boats4u.co\/en\/\",\"name\":\"Boats4U\",\"description\":\"Alquiler de yates, botes y lanchas en Cartagena, Santa Marta y San Andr\u00e9s. Te ofrecemos los mejores planes y paseos brind\u00e1ndote la oportunidad de vivir experiencias \u00fanicas en playas, Islas del Rosario, Isla Grande, Isla Chol\u00f3n, Playa Blanca y alta mar, con el alquiler de yates, botes. Junto a tus amigos y familia podr\u00e1s disfrutar de toda la la belleza y la magia del caribe. Encuentra qu\u00e9 hacer con Boats4U.\",\"publisher\":{\"@id\":\"https:\/\/www.boats4u.co\/en\/#organization\"},\"potentialAction\":[{\"@type\":\"SearchAction\",\"target\":{\"@type\":\"EntryPoint\",\"urlTemplate\":\"https:\/\/www.boats4u.co\/en\/?s={search_term_string}\"},\"query-input\":{\"@type\":\"PropertyValueSpecification\",\"valueRequired\":true,\"valueName\":\"search_term_string\"}}],\"inLanguage\":\"en-US\"},{\"@type\":\"Organization\",\"@id\":\"https:\/\/www.boats4u.co\/en\/#organization\",\"name\":\"Boats4U\",\"url\":\"https:\/\/www.boats4u.co\/en\/\",\"logo\":{\"@type\":\"ImageObject\",\"inLanguage\":\"en-US\",\"@id\":\"https:\/\/www.boats4u.co\/en\/#\/schema\/logo\/image\/\",\"url\":\"https:\/\/www.boats4u.co\/wp-content\/uploads\/2024\/02\/boats4u_logo.png\",\"contentUrl\":\"https:\/\/www.boats4u.co\/wp-content\/uploads\/2024\/02\/boats4u_logo.png\",\"width\":790,\"height\":790,\"caption\":\"Boats4U\"},\"image\":{\"@id\":\"https:\/\/www.boats4u.co\/en\/#\/schema\/logo\/image\/\"},\"sameAs\":[\"https:\/\/www.facebook.com\/Boats4U\",\"https:\/\/www.instagram.com\/boats4u.co\/?hl=es\",\"https:\/\/www.tiktok.com\/@boats4u\"]}]}<\/script>\n<!-- \/ Yoast SEO plugin. -->","yoast_head_json":{"title":"Cancellation Policy - Boats4U","robots":{"index":"index","follow":"follow","max-snippet":"max-snippet:-1","max-image-preview":"max-image-preview:large","max-video-preview":"max-video-preview:-1"},"canonical":"https:\/\/www.boats4u.co\/en\/cancellation-policy\/","og_locale":"en_US","og_type":"article","og_title":"Cancellation Policy - Boats4U","og_url":"https:\/\/www.boats4u.co\/en\/cancellation-policy\/","og_site_name":"Boats4U","article_publisher":"https:\/\/www.facebook.com\/Boats4U","article_modified_time":"2024-12-28T21:33:42+00:00","og_image":[{"width":1600,"height":1338,"url":"https:\/\/www.boats4u.co\/wp-content\/uploads\/2024\/12\/equipo_boats4u.jpeg","type":"image\/jpeg"}],"twitter_card":"summary_large_image","schema":{"@context":"https:\/\/schema.org","@graph":[{"@type":"WebPage","@id":"https:\/\/www.boats4u.co\/en\/cancellation-policy\/","url":"https:\/\/www.boats4u.co\/en\/cancellation-policy\/","name":"Cancellation Policy - Boats4U","isPartOf":{"@id":"https:\/\/www.boats4u.co\/en\/#website"},"primaryImageOfPage":{"@id":"https:\/\/www.boats4u.co\/en\/cancellation-policy\/#primaryimage"},"image":{"@id":"https:\/\/www.boats4u.co\/en\/cancellation-policy\/#primaryimage"},"thumbnailUrl":"https:\/\/www.boats4u.co\/wp-content\/uploads\/2024\/12\/equipo_boats4u.jpeg","datePublished":"2024-12-28T20:38:23+00:00","dateModified":"2024-12-28T21:33:42+00:00","breadcrumb":{"@id":"https:\/\/www.boats4u.co\/en\/cancellation-policy\/#breadcrumb"},"inLanguage":"en-US","potentialAction":[{"@type":"ReadAction","target":["https:\/\/www.boats4u.co\/en\/cancellation-policy\/"]}]},{"@type":"ImageObject","inLanguage":"en-US","@id":"https:\/\/www.boats4u.co\/en\/cancellation-policy\/#primaryimage","url":"https:\/\/www.boats4u.co\/wp-content\/uploads\/2024\/12\/equipo_boats4u.jpeg","contentUrl":"https:\/\/www.boats4u.co\/wp-content\/uploads\/2024\/12\/equipo_boats4u.jpeg","width":1600,"height":1338,"caption":"Boats4U Team"},{"@type":"BreadcrumbList","@id":"https:\/\/www.boats4u.co\/en\/cancellation-policy\/#breadcrumb","itemListElement":[{"@type":"ListItem","position":1,"name":"Home","item":"https:\/\/www.boats4u.co\/en\/"},{"@type":"ListItem","position":2,"name":"Cancellation Policy"}]},{"@type":"WebSite","@id":"https:\/\/www.boats4u.co\/en\/#website","url":"https:\/\/www.boats4u.co\/en\/","name":"Boats4U","description":"Alquiler de yates, botes y lanchas en Cartagena, Santa Marta y San Andr\u00e9s. Te ofrecemos los mejores planes y paseos brind\u00e1ndote la oportunidad de vivir experiencias \u00fanicas en playas, Islas del Rosario, Isla Grande, Isla Chol\u00f3n, Playa Blanca y alta mar, con el alquiler de yates, botes. Junto a tus amigos y familia podr\u00e1s disfrutar de toda la la belleza y la magia del caribe. Encuentra qu\u00e9 hacer con Boats4U.","publisher":{"@id":"https:\/\/www.boats4u.co\/en\/#organization"},"potentialAction":[{"@type":"SearchAction","target":{"@type":"EntryPoint","urlTemplate":"https:\/\/www.boats4u.co\/en\/?s={search_term_string}"},"query-input":{"@type":"PropertyValueSpecification","valueRequired":true,"valueName":"search_term_string"}}],"inLanguage":"en-US"},{"@type":"Organization","@id":"https:\/\/www.boats4u.co\/en\/#organization","name":"Boats4U","url":"https:\/\/www.boats4u.co\/en\/","logo":{"@type":"ImageObject","inLanguage":"en-US","@id":"https:\/\/www.boats4u.co\/en\/#\/schema\/logo\/image\/","url":"https:\/\/www.boats4u.co\/wp-content\/uploads\/2024\/02\/boats4u_logo.png","contentUrl":"https:\/\/www.boats4u.co\/wp-content\/uploads\/2024\/02\/boats4u_logo.png","width":790,"height":790,"caption":"Boats4U"},"image":{"@id":"https:\/\/www.boats4u.co\/en\/#\/schema\/logo\/image\/"},"sameAs":["https:\/\/www.facebook.com\/Boats4U","https:\/\/www.instagram.com\/boats4u.co\/?hl=es","https:\/\/www.tiktok.com\/@boats4u"]}]}},"_links":{"self":[{"href":"https:\/\/www.boats4u.co\/en\/wp-json\/wp\/v2\/pages\/8204","targetHints":{"allow":["GET"]}}],"collection":[{"href":"https:\/\/www.boats4u.co\/en\/wp-json\/wp\/v2\/pages"}],"about":[{"href":"https:\/\/www.boats4u.co\/en\/wp-json\/wp\/v2\/types\/page"}],"author":[{"embeddable":true,"href":"https:\/\/www.boats4u.co\/en\/wp-json\/wp\/v2\/users\/1"}],"replies":[{"embeddable":true,"href":"https:\/\/www.boats4u.co\/en\/wp-json\/wp\/v2\/comments?post=8204"}],"version-history":[{"count":1,"href":"https:\/\/www.boats4u.co\/en\/wp-json\/wp\/v2\/pages\/8204\/revisions"}],"predecessor-version":[{"id":8205,"href":"https:\/\/www.boats4u.co\/en\/wp-json\/wp\/v2\/pages\/8204\/revisions\/8205"}],"wp:featuredmedia":[{"embeddable":true,"href":"https:\/\/www.boats4u.co\/en\/wp-json\/wp\/v2\/media\/8186"}],"wp:attachment":[{"href":"https:\/\/www.boats4u.co\/en\/wp-json\/wp\/v2\/media?parent=8204"}],"wp:term":[{"taxonomy":"post_tag","embeddable":true,"href":"https:\/\/www.boats4u.co\/en\/wp-json\/wp\/v2\/tags?post=8204"}],"curies":[{"name":"wp","href":"https:\/\/api.w.org\/{rel}","templated":true}]}}