{"id":8211,"date":"2024-12-28T14:08:36","date_gmt":"2024-12-28T14:08:36","guid":{"rendered":"http:\/\/192.168.1.20\/about-us\/"},"modified":"2024-12-28T22:26:44","modified_gmt":"2024-12-28T22:26:44","slug":"about-us","status":"publish","type":"page","link":"https:\/\/www.boats4u.co\/en\/about-us\/","title":{"rendered":"About us"},"content":{"rendered":"<section\n  class=\" \"\n  id=\"\"\n  style=\"padding: 0;margin: 0;background-color: var(--primary);border: none\"\n>\n  <!-- <details> \/ <div> - start -->\n  <div class=\"\" style=\"\">   \n  <!-- title -->\n  \n    \n    <div class=\"main-content-class \">  <div class=\"block_header_title default\" style=\"\">\n          <nav class=\"vs_breadcrumb\"><a href=\"https:\/\/www.boats4u.co\/en\/\">Home<\/a><\/nav>                <div class=\"title_container  title-theme : Defecto\" style=\"\">\n    <h1 class=\"extra-bold font-size-xxl white_color \" style=\"\"\">About us<\/h1>          <\/div>\n            <div class=\"overlay\"><\/div>\n  <\/div>  \n    <\/div> <!-- main-content-class -->\n  <!-- <\/details> \/ <\/div> - ends -->\n  <\/div><\/section>\n<section\n  class=\"vsblock_content_link \"\n  id=\"\"\n  style=\"padding: 6rem 8rem;margin: 0;background-color: white;border: none\"\n>\n  <!-- <details> \/ <div> - start -->\n  <div class=\"\" style=\"\">   \n  <!-- title -->\n      <div class=\"flex flex-col  \">\n                      <!-- END title -->\n        \n\n        \n    <\/div>\n  \n    \n    <div class=\"main-content-class font-extralight\">  <div class=\"layout two_columns\">\n    <div style=\"color:var(--primary);\">\n      <p><strong>Boats4U<\/strong> was founded in mid 2013, when two visionaries sat in the fort of &#8220;San Sebastian del Pastelillo&#8221; watching in the afternoon the large amount of boats returning to the bay after transporting tourists from the Rosario Islands. The first idea that came to mind was to create a robust technological tool, friendly to local and foreign tourists who wanted to hire a boat to live nautical experiences.<\/p>\n<p>Focused on improving our online platforms, we are currently evolving towards a more robust, modern and faster website where our clients can make online payments for the services they want to hire and thus improving and customizing their experience according to their specific tastes. With this new phase, we aim to offer our clients an easy and secure way to book and pay for their next experience at sea.<\/p>\n<p>Our mission is to offer unique and safe nautical experiences, thanks to an exceptional customer service that starts at the interaction with a friendly and versatile booking and payment platform. Our high quality standards supported by a committed team guarantee a premium service that delivers on our promise of a cost\/benefit ratio that exceeds our customers&#8217; expectations.<\/p>\n<p><strong>Boats4U<\/strong> &#8216;s vision is to become the best and largest nautical tourism agency in Colombia and Latin America. We will achieve this vision and growth by offering the best possible quality service and truly unforgettable experiences.<\/p>\n    <\/div>\n          <div class=\"col-b\">         \n        <img loading=\"lazy\" decoding=\"async\" width=\"400\" height=\"300\" src=\"https:\/\/www.boats4u.co\/wp-content\/uploads\/2024\/12\/equipo_boats4u-400x300.jpeg\" class=\"attachment-custom-400x300 size-custom-400x300 wp-post-image\" alt=\"Boats4U Team\" srcset=\"https:\/\/www.boats4u.co\/wp-content\/uploads\/2024\/12\/equipo_boats4u-400x300.jpeg 400w, https:\/\/www.boats4u.co\/wp-content\/uploads\/2024\/12\/equipo_boats4u-630x472.jpeg 630w\" sizes=\"auto, (max-width: 400px) 100vw, 400px\" \/>                  <h3>Conoce m\u00e1s<\/h3>\n          <ul>\n                          <li><a href=\"http:\/\/192.168.1.20\/sobre-nosotros\/\">Sobre nosotros<\/a><\/li>\n                          <li><a href=\"http:\/\/192.168.1.20\/terminos-y-condiciones\/\">T\u00e9rminos y condiciones<\/a><\/li>\n                          <li><a href=\"http:\/\/192.168.1.20\/politica-de-privacidad\/\">Pol\u00edtica de privacidad<\/a><\/li>\n                          <li><a href=\"http:\/\/192.168.1.20\/seguros\/\">Seguros<\/a><\/li>\n                          <li><a href=\"http:\/\/192.168.1.20\/politica-de-cancelacion\/\">Pol\u00edtica de cancelaci\u00f3n<\/a><\/li>\n                      <\/ul>\n              <\/div>\n      <\/div>\n    <\/div> <!-- main-content-class -->\n  <!-- <\/details> \/ <\/div> - ends -->\n  <\/div><\/section>\n","protected":false},"excerpt":{"rendered":"","protected":false},"author":1,"featured_media":8186,"parent":0,"menu_order":0,"comment_status":"closed","ping_status":"closed","template":"","meta":{"_acf_changed":false,"_joinchat":[],"footnotes":""},"tags":[],"class_list":["post-8211","page","type-page","status-publish","has-post-thumbnail","hentry"],"acf":[],"yoast_head":"<!-- This site is optimized with the Yoast SEO plugin v24.2 - https:\/\/yoast.com\/wordpress\/plugins\/seo\/ -->\n<title>About us - Boats4U<\/title>\n<meta name=\"robots\" content=\"index, follow, max-snippet:-1, max-image-preview:large, max-video-preview:-1\" \/>\n<link rel=\"canonical\" href=\"https:\/\/www.boats4u.co\/en\/about-us\/\" \/>\n<meta property=\"og:locale\" content=\"en_US\" \/>\n<meta property=\"og:type\" content=\"article\" \/>\n<meta property=\"og:title\" content=\"About us - Boats4U\" \/>\n<meta property=\"og:url\" content=\"https:\/\/www.boats4u.co\/en\/about-us\/\" \/>\n<meta property=\"og:site_name\" content=\"Boats4U\" \/>\n<meta property=\"article:publisher\" content=\"https:\/\/www.facebook.com\/Boats4U\" \/>\n<meta property=\"article:modified_time\" content=\"2024-12-28T22:26:44+00:00\" \/>\n<meta property=\"og:image\" content=\"https:\/\/www.boats4u.co\/wp-content\/uploads\/2024\/12\/equipo_boats4u.jpeg\" \/>\n\t<meta property=\"og:image:width\" content=\"1600\" \/>\n\t<meta property=\"og:image:height\" content=\"1338\" \/>\n\t<meta property=\"og:image:type\" content=\"image\/jpeg\" \/>\n<meta name=\"twitter:card\" content=\"summary_large_image\" \/>\n<script type=\"application\/ld+json\" class=\"yoast-schema-graph\">{\"@context\":\"https:\/\/schema.org\",\"@graph\":[{\"@type\":\"WebPage\",\"@id\":\"https:\/\/www.boats4u.co\/en\/about-us\/\",\"url\":\"https:\/\/www.boats4u.co\/en\/about-us\/\",\"name\":\"About us - Boats4U\",\"isPartOf\":{\"@id\":\"https:\/\/www.boats4u.co\/en\/#website\"},\"primaryImageOfPage\":{\"@id\":\"https:\/\/www.boats4u.co\/en\/about-us\/#primaryimage\"},\"image\":{\"@id\":\"https:\/\/www.boats4u.co\/en\/about-us\/#primaryimage\"},\"thumbnailUrl\":\"https:\/\/www.boats4u.co\/wp-content\/uploads\/2024\/12\/equipo_boats4u.jpeg\",\"datePublished\":\"2024-12-28T14:08:36+00:00\",\"dateModified\":\"2024-12-28T22:26:44+00:00\",\"breadcrumb\":{\"@id\":\"https:\/\/www.boats4u.co\/en\/about-us\/#breadcrumb\"},\"inLanguage\":\"en-US\",\"potentialAction\":[{\"@type\":\"ReadAction\",\"target\":[\"https:\/\/www.boats4u.co\/en\/about-us\/\"]}]},{\"@type\":\"ImageObject\",\"inLanguage\":\"en-US\",\"@id\":\"https:\/\/www.boats4u.co\/en\/about-us\/#primaryimage\",\"url\":\"https:\/\/www.boats4u.co\/wp-content\/uploads\/2024\/12\/equipo_boats4u.jpeg\",\"contentUrl\":\"https:\/\/www.boats4u.co\/wp-content\/uploads\/2024\/12\/equipo_boats4u.jpeg\",\"width\":1600,\"height\":1338,\"caption\":\"Boats4U Team\"},{\"@type\":\"BreadcrumbList\",\"@id\":\"https:\/\/www.boats4u.co\/en\/about-us\/#breadcrumb\",\"itemListElement\":[{\"@type\":\"ListItem\",\"position\":1,\"name\":\"Home\",\"item\":\"https:\/\/www.boats4u.co\/en\/\"},{\"@type\":\"ListItem\",\"position\":2,\"name\":\"About us\"}]},{\"@type\":\"WebSite\",\"@id\":\"https:\/\/www.boats4u.co\/en\/#website\",\"url\":\"https:\/\/www.boats4u.co\/en\/\",\"name\":\"Boats4U\",\"description\":\"Alquiler de yates, botes y lanchas en Cartagena, Santa Marta y San Andr\u00e9s. Te ofrecemos los mejores planes y paseos brind\u00e1ndote la oportunidad de vivir experiencias \u00fanicas en playas, Islas del Rosario, Isla Grande, Isla Chol\u00f3n, Playa Blanca y alta mar, con el alquiler de yates, botes. Junto a tus amigos y familia podr\u00e1s disfrutar de toda la la belleza y la magia del caribe. Encuentra qu\u00e9 hacer con Boats4U.\",\"publisher\":{\"@id\":\"https:\/\/www.boats4u.co\/en\/#organization\"},\"potentialAction\":[{\"@type\":\"SearchAction\",\"target\":{\"@type\":\"EntryPoint\",\"urlTemplate\":\"https:\/\/www.boats4u.co\/en\/?s={search_term_string}\"},\"query-input\":{\"@type\":\"PropertyValueSpecification\",\"valueRequired\":true,\"valueName\":\"search_term_string\"}}],\"inLanguage\":\"en-US\"},{\"@type\":\"Organization\",\"@id\":\"https:\/\/www.boats4u.co\/en\/#organization\",\"name\":\"Boats4U\",\"url\":\"https:\/\/www.boats4u.co\/en\/\",\"logo\":{\"@type\":\"ImageObject\",\"inLanguage\":\"en-US\",\"@id\":\"https:\/\/www.boats4u.co\/en\/#\/schema\/logo\/image\/\",\"url\":\"https:\/\/www.boats4u.co\/wp-content\/uploads\/2024\/02\/boats4u_logo.png\",\"contentUrl\":\"https:\/\/www.boats4u.co\/wp-content\/uploads\/2024\/02\/boats4u_logo.png\",\"width\":790,\"height\":790,\"caption\":\"Boats4U\"},\"image\":{\"@id\":\"https:\/\/www.boats4u.co\/en\/#\/schema\/logo\/image\/\"},\"sameAs\":[\"https:\/\/www.facebook.com\/Boats4U\",\"https:\/\/www.instagram.com\/boats4u.co\/?hl=es\",\"https:\/\/www.tiktok.com\/@boats4u\"]}]}<\/script>\n<!-- \/ Yoast SEO plugin. -->","yoast_head_json":{"title":"About us - Boats4U","robots":{"index":"index","follow":"follow","max-snippet":"max-snippet:-1","max-image-preview":"max-image-preview:large","max-video-preview":"max-video-preview:-1"},"canonical":"https:\/\/www.boats4u.co\/en\/about-us\/","og_locale":"en_US","og_type":"article","og_title":"About us - Boats4U","og_url":"https:\/\/www.boats4u.co\/en\/about-us\/","og_site_name":"Boats4U","article_publisher":"https:\/\/www.facebook.com\/Boats4U","article_modified_time":"2024-12-28T22:26:44+00:00","og_image":[{"width":1600,"height":1338,"url":"https:\/\/www.boats4u.co\/wp-content\/uploads\/2024\/12\/equipo_boats4u.jpeg","type":"image\/jpeg"}],"twitter_card":"summary_large_image","schema":{"@context":"https:\/\/schema.org","@graph":[{"@type":"WebPage","@id":"https:\/\/www.boats4u.co\/en\/about-us\/","url":"https:\/\/www.boats4u.co\/en\/about-us\/","name":"About us - Boats4U","isPartOf":{"@id":"https:\/\/www.boats4u.co\/en\/#website"},"primaryImageOfPage":{"@id":"https:\/\/www.boats4u.co\/en\/about-us\/#primaryimage"},"image":{"@id":"https:\/\/www.boats4u.co\/en\/about-us\/#primaryimage"},"thumbnailUrl":"https:\/\/www.boats4u.co\/wp-content\/uploads\/2024\/12\/equipo_boats4u.jpeg","datePublished":"2024-12-28T14:08:36+00:00","dateModified":"2024-12-28T22:26:44+00:00","breadcrumb":{"@id":"https:\/\/www.boats4u.co\/en\/about-us\/#breadcrumb"},"inLanguage":"en-US","potentialAction":[{"@type":"ReadAction","target":["https:\/\/www.boats4u.co\/en\/about-us\/"]}]},{"@type":"ImageObject","inLanguage":"en-US","@id":"https:\/\/www.boats4u.co\/en\/about-us\/#primaryimage","url":"https:\/\/www.boats4u.co\/wp-content\/uploads\/2024\/12\/equipo_boats4u.jpeg","contentUrl":"https:\/\/www.boats4u.co\/wp-content\/uploads\/2024\/12\/equipo_boats4u.jpeg","width":1600,"height":1338,"caption":"Boats4U Team"},{"@type":"BreadcrumbList","@id":"https:\/\/www.boats4u.co\/en\/about-us\/#breadcrumb","itemListElement":[{"@type":"ListItem","position":1,"name":"Home","item":"https:\/\/www.boats4u.co\/en\/"},{"@type":"ListItem","position":2,"name":"About us"}]},{"@type":"WebSite","@id":"https:\/\/www.boats4u.co\/en\/#website","url":"https:\/\/www.boats4u.co\/en\/","name":"Boats4U","description":"Alquiler de yates, botes y lanchas en Cartagena, Santa Marta y San Andr\u00e9s. Te ofrecemos los mejores planes y paseos brind\u00e1ndote la oportunidad de vivir experiencias \u00fanicas en playas, Islas del Rosario, Isla Grande, Isla Chol\u00f3n, Playa Blanca y alta mar, con el alquiler de yates, botes. Junto a tus amigos y familia podr\u00e1s disfrutar de toda la la belleza y la magia del caribe. Encuentra qu\u00e9 hacer con Boats4U.","publisher":{"@id":"https:\/\/www.boats4u.co\/en\/#organization"},"potentialAction":[{"@type":"SearchAction","target":{"@type":"EntryPoint","urlTemplate":"https:\/\/www.boats4u.co\/en\/?s={search_term_string}"},"query-input":{"@type":"PropertyValueSpecification","valueRequired":true,"valueName":"search_term_string"}}],"inLanguage":"en-US"},{"@type":"Organization","@id":"https:\/\/www.boats4u.co\/en\/#organization","name":"Boats4U","url":"https:\/\/www.boats4u.co\/en\/","logo":{"@type":"ImageObject","inLanguage":"en-US","@id":"https:\/\/www.boats4u.co\/en\/#\/schema\/logo\/image\/","url":"https:\/\/www.boats4u.co\/wp-content\/uploads\/2024\/02\/boats4u_logo.png","contentUrl":"https:\/\/www.boats4u.co\/wp-content\/uploads\/2024\/02\/boats4u_logo.png","width":790,"height":790,"caption":"Boats4U"},"image":{"@id":"https:\/\/www.boats4u.co\/en\/#\/schema\/logo\/image\/"},"sameAs":["https:\/\/www.facebook.com\/Boats4U","https:\/\/www.instagram.com\/boats4u.co\/?hl=es","https:\/\/www.tiktok.com\/@boats4u"]}]}},"_links":{"self":[{"href":"https:\/\/www.boats4u.co\/en\/wp-json\/wp\/v2\/pages\/8211","targetHints":{"allow":["GET"]}}],"collection":[{"href":"https:\/\/www.boats4u.co\/en\/wp-json\/wp\/v2\/pages"}],"about":[{"href":"https:\/\/www.boats4u.co\/en\/wp-json\/wp\/v2\/types\/page"}],"author":[{"embeddable":true,"href":"https:\/\/www.boats4u.co\/en\/wp-json\/wp\/v2\/users\/1"}],"replies":[{"embeddable":true,"href":"https:\/\/www.boats4u.co\/en\/wp-json\/wp\/v2\/comments?post=8211"}],"version-history":[{"count":1,"href":"https:\/\/www.boats4u.co\/en\/wp-json\/wp\/v2\/pages\/8211\/revisions"}],"predecessor-version":[{"id":8212,"href":"https:\/\/www.boats4u.co\/en\/wp-json\/wp\/v2\/pages\/8211\/revisions\/8212"}],"wp:featuredmedia":[{"embeddable":true,"href":"https:\/\/www.boats4u.co\/en\/wp-json\/wp\/v2\/media\/8186"}],"wp:attachment":[{"href":"https:\/\/www.boats4u.co\/en\/wp-json\/wp\/v2\/media?parent=8211"}],"wp:term":[{"taxonomy":"post_tag","embeddable":true,"href":"https:\/\/www.boats4u.co\/en\/wp-json\/wp\/v2\/tags?post=8211"}],"curies":[{"name":"wp","href":"https:\/\/api.w.org\/{rel}","templated":true}]}}